{"id":9481,"date":"2026-04-14T20:34:24","date_gmt":"2026-04-14T18:34:24","guid":{"rendered":"https:\/\/oktakon.de\/product\/macbook-air-13-m2-m3-m4-m5\/"},"modified":"2026-04-27T11:57:53","modified_gmt":"2026-04-27T09:57:53","slug":"macbook-air-13-m2-m3-m4-m5","status":"publish","type":"product","link":"https:\/\/oktakon.de\/en\/product\/macbook-air-13-m2-m3-m4-m5\/","title":{"rendered":"MacBook AIR 13 (M2, M3, M4, M5)"},"content":{"rendered":"","protected":false},"excerpt":{"rendered":"","protected":false},"featured_media":8092,"template":"","meta":[],"product_brand":[],"product_cat":[194],"product_tag":[],"class_list":{"0":"post-9481","1":"product","2":"type-product","3":"status-publish","4":"has-post-thumbnail","6":"product_cat-macbook-air-13","8":"first","9":"instock","10":"taxable","11":"shipping-taxable","12":"purchasable","13":"product-type-variable","14":"has-default-attributes","15":"rtwpvg-product"},"yoast_head":"<!-- This site is optimized with the Yoast SEO plugin v27.4 - https:\/\/yoast.com\/product\/yoast-seo-wordpress\/ -->\n<title>MacBook AIR 13 (M2, M3, M4, M5) - Oktakon GmbH<\/title>\n<meta name=\"robots\" content=\"index, follow, max-snippet:-1, max-image-preview:large, max-video-preview:-1\" \/>\n<link rel=\"canonical\" href=\"https:\/\/oktakon.de\/en\/product\/macbook-air-13-m2-m3-m4-m5\/\" \/>\n<script type=\"application\/ld+json\" class=\"yoast-schema-graph\">{\"@context\":\"https:\\\/\\\/schema.org\",\"@graph\":[{\"@type\":\"WebPage\",\"@id\":\"https:\\\/\\\/oktakon.de\\\/en\\\/product\\\/macbook-air-13-m2-m3-m4-m5\\\/\",\"url\":\"https:\\\/\\\/oktakon.de\\\/en\\\/product\\\/macbook-air-13-m2-m3-m4-m5\\\/\",\"name\":\"MacBook AIR 13 (M2, M3, M4, M5) - Oktakon GmbH\",\"isPartOf\":{\"@id\":\"https:\\\/\\\/oktakon.de\\\/#website\"},\"primaryImageOfPage\":{\"@id\":\"https:\\\/\\\/oktakon.de\\\/en\\\/product\\\/macbook-air-13-m2-m3-m4-m5\\\/#primaryimage\"},\"image\":{\"@id\":\"https:\\\/\\\/oktakon.de\\\/en\\\/product\\\/macbook-air-13-m2-m3-m4-m5\\\/#primaryimage\"},\"thumbnailUrl\":\"https:\\\/\\\/oktakon.de\\\/wp-content\\\/uploads\\\/2022\\\/09\\\/1.webp\",\"datePublished\":\"2026-04-14T18:34:24+00:00\",\"dateModified\":\"2026-04-27T09:57:53+00:00\",\"breadcrumb\":{\"@id\":\"https:\\\/\\\/oktakon.de\\\/en\\\/product\\\/macbook-air-13-m2-m3-m4-m5\\\/#breadcrumb\"},\"inLanguage\":\"en-US\",\"potentialAction\":[{\"@type\":\"ReadAction\",\"target\":[\"https:\\\/\\\/oktakon.de\\\/en\\\/product\\\/macbook-air-13-m2-m3-m4-m5\\\/\"]}]},{\"@type\":\"ImageObject\",\"inLanguage\":\"en-US\",\"@id\":\"https:\\\/\\\/oktakon.de\\\/en\\\/product\\\/macbook-air-13-m2-m3-m4-m5\\\/#primaryimage\",\"url\":\"https:\\\/\\\/oktakon.de\\\/wp-content\\\/uploads\\\/2022\\\/09\\\/1.webp\",\"contentUrl\":\"https:\\\/\\\/oktakon.de\\\/wp-content\\\/uploads\\\/2022\\\/09\\\/1.webp\",\"width\":1920,\"height\":1080},{\"@type\":\"BreadcrumbList\",\"@id\":\"https:\\\/\\\/oktakon.de\\\/en\\\/product\\\/macbook-air-13-m2-m3-m4-m5\\\/#breadcrumb\",\"itemListElement\":[{\"@type\":\"ListItem\",\"position\":1,\"name\":\"Startseite\",\"item\":\"https:\\\/\\\/oktakon.de\\\/en\\\/\"},{\"@type\":\"ListItem\",\"position\":2,\"name\":\"Produkt\",\"item\":\"https:\\\/\\\/oktakon.de\\\/produkt\\\/\"},{\"@type\":\"ListItem\",\"position\":3,\"name\":\"MacBook AIR 13 (M2, M3, M4, M5)\"}]},{\"@type\":\"WebSite\",\"@id\":\"https:\\\/\\\/oktakon.de\\\/#website\",\"url\":\"https:\\\/\\\/oktakon.de\\\/\",\"name\":\"Oktakon - Aluminium Laptoph\u00fcllen: Premium-Qualit\u00e4t f\u00fcr dein MacBook\",\"description\":\"Aluminium Laptoph\u00fcllen: Premium-Qualit\u00e4t f\u00fcr dein MacBook\",\"publisher\":{\"@id\":\"https:\\\/\\\/oktakon.de\\\/#organization\"},\"potentialAction\":[{\"@type\":\"SearchAction\",\"target\":{\"@type\":\"EntryPoint\",\"urlTemplate\":\"https:\\\/\\\/oktakon.de\\\/?s={search_term_string}\"},\"query-input\":{\"@type\":\"PropertyValueSpecification\",\"valueRequired\":true,\"valueName\":\"search_term_string\"}}],\"inLanguage\":\"en-US\"},{\"@type\":\"Organization\",\"@id\":\"https:\\\/\\\/oktakon.de\\\/#organization\",\"name\":\"Oktakon GmbH\",\"url\":\"https:\\\/\\\/oktakon.de\\\/\",\"logo\":{\"@type\":\"ImageObject\",\"inLanguage\":\"en-US\",\"@id\":\"https:\\\/\\\/oktakon.de\\\/#\\\/schema\\\/logo\\\/image\\\/\",\"url\":\"https:\\\/\\\/oktakon.de\\\/wp-content\\\/uploads\\\/2025\\\/04\\\/logo.png\",\"contentUrl\":\"https:\\\/\\\/oktakon.de\\\/wp-content\\\/uploads\\\/2025\\\/04\\\/logo.png\",\"width\":946,\"height\":167,\"caption\":\"Oktakon GmbH\"},\"image\":{\"@id\":\"https:\\\/\\\/oktakon.de\\\/#\\\/schema\\\/logo\\\/image\\\/\"},\"sameAs\":[\"https:\\\/\\\/www.facebook.com\\\/people\\\/Oktakon-GmbH\\\/61560806767539\\\/\",\"https:\\\/\\\/www.youtube.com\\\/@oktakon-gmbh\",\"https:\\\/\\\/www.tiktok.com\\\/@oktakon.hardcases\"]}]}<\/script>\n<!-- \/ Yoast SEO plugin. -->","yoast_head_json":{"title":"MacBook AIR 13 (M2, M3, M4, M5) - Oktakon GmbH","robots":{"index":"index","follow":"follow","max-snippet":"max-snippet:-1","max-image-preview":"max-image-preview:large","max-video-preview":"max-video-preview:-1"},"canonical":"https:\/\/oktakon.de\/en\/product\/macbook-air-13-m2-m3-m4-m5\/","schema":{"@context":"https:\/\/schema.org","@graph":[{"@type":"WebPage","@id":"https:\/\/oktakon.de\/en\/product\/macbook-air-13-m2-m3-m4-m5\/","url":"https:\/\/oktakon.de\/en\/product\/macbook-air-13-m2-m3-m4-m5\/","name":"MacBook AIR 13 (M2, M3, M4, M5) - Oktakon GmbH","isPartOf":{"@id":"https:\/\/oktakon.de\/#website"},"primaryImageOfPage":{"@id":"https:\/\/oktakon.de\/en\/product\/macbook-air-13-m2-m3-m4-m5\/#primaryimage"},"image":{"@id":"https:\/\/oktakon.de\/en\/product\/macbook-air-13-m2-m3-m4-m5\/#primaryimage"},"thumbnailUrl":"https:\/\/oktakon.de\/wp-content\/uploads\/2022\/09\/1.webp","datePublished":"2026-04-14T18:34:24+00:00","dateModified":"2026-04-27T09:57:53+00:00","breadcrumb":{"@id":"https:\/\/oktakon.de\/en\/product\/macbook-air-13-m2-m3-m4-m5\/#breadcrumb"},"inLanguage":"en-US","potentialAction":[{"@type":"ReadAction","target":["https:\/\/oktakon.de\/en\/product\/macbook-air-13-m2-m3-m4-m5\/"]}]},{"@type":"ImageObject","inLanguage":"en-US","@id":"https:\/\/oktakon.de\/en\/product\/macbook-air-13-m2-m3-m4-m5\/#primaryimage","url":"https:\/\/oktakon.de\/wp-content\/uploads\/2022\/09\/1.webp","contentUrl":"https:\/\/oktakon.de\/wp-content\/uploads\/2022\/09\/1.webp","width":1920,"height":1080},{"@type":"BreadcrumbList","@id":"https:\/\/oktakon.de\/en\/product\/macbook-air-13-m2-m3-m4-m5\/#breadcrumb","itemListElement":[{"@type":"ListItem","position":1,"name":"Startseite","item":"https:\/\/oktakon.de\/en\/"},{"@type":"ListItem","position":2,"name":"Produkt","item":"https:\/\/oktakon.de\/produkt\/"},{"@type":"ListItem","position":3,"name":"MacBook AIR 13 (M2, M3, M4, M5)"}]},{"@type":"WebSite","@id":"https:\/\/oktakon.de\/#website","url":"https:\/\/oktakon.de\/","name":"Oktakon - Aluminium Laptoph\u00fcllen: Premium-Qualit\u00e4t f\u00fcr dein MacBook","description":"Aluminium Laptoph\u00fcllen: Premium-Qualit\u00e4t f\u00fcr dein MacBook","publisher":{"@id":"https:\/\/oktakon.de\/#organization"},"potentialAction":[{"@type":"SearchAction","target":{"@type":"EntryPoint","urlTemplate":"https:\/\/oktakon.de\/?s={search_term_string}"},"query-input":{"@type":"PropertyValueSpecification","valueRequired":true,"valueName":"search_term_string"}}],"inLanguage":"en-US"},{"@type":"Organization","@id":"https:\/\/oktakon.de\/#organization","name":"Oktakon GmbH","url":"https:\/\/oktakon.de\/","logo":{"@type":"ImageObject","inLanguage":"en-US","@id":"https:\/\/oktakon.de\/#\/schema\/logo\/image\/","url":"https:\/\/oktakon.de\/wp-content\/uploads\/2025\/04\/logo.png","contentUrl":"https:\/\/oktakon.de\/wp-content\/uploads\/2025\/04\/logo.png","width":946,"height":167,"caption":"Oktakon GmbH"},"image":{"@id":"https:\/\/oktakon.de\/#\/schema\/logo\/image\/"},"sameAs":["https:\/\/www.facebook.com\/people\/Oktakon-GmbH\/61560806767539\/","https:\/\/www.youtube.com\/@oktakon-gmbh","https:\/\/www.tiktok.com\/@oktakon.hardcases"]}]}},"_links":{"self":[{"href":"https:\/\/oktakon.de\/en\/wp-json\/wp\/v2\/product\/9481","targetHints":{"allow":["GET"]}}],"collection":[{"href":"https:\/\/oktakon.de\/en\/wp-json\/wp\/v2\/product"}],"about":[{"href":"https:\/\/oktakon.de\/en\/wp-json\/wp\/v2\/types\/product"}],"version-history":[{"count":0,"href":"https:\/\/oktakon.de\/en\/wp-json\/wp\/v2\/product\/9481\/revisions"}],"wp:featuredmedia":[{"embeddable":true,"href":"https:\/\/oktakon.de\/en\/wp-json\/wp\/v2\/media\/8092"}],"wp:attachment":[{"href":"https:\/\/oktakon.de\/en\/wp-json\/wp\/v2\/media?parent=9481"}],"wp:term":[{"taxonomy":"product_brand","embeddable":true,"href":"https:\/\/oktakon.de\/en\/wp-json\/wp\/v2\/product_brand?post=9481"},{"taxonomy":"product_cat","embeddable":true,"href":"https:\/\/oktakon.de\/en\/wp-json\/wp\/v2\/product_cat?post=9481"},{"taxonomy":"product_tag","embeddable":true,"href":"https:\/\/oktakon.de\/en\/wp-json\/wp\/v2\/product_tag?post=9481"}],"curies":[{"name":"wp","href":"https:\/\/api.w.org\/{rel}","templated":true}]}}