{"id":8090,"date":"2022-09-29T15:31:03","date_gmt":"2022-09-29T13:31:03","guid":{"rendered":"https:\/\/oktakon.info\/product\/macbook-hardcase\/"},"modified":"2026-03-18T13:36:06","modified_gmt":"2026-03-18T12:36:06","slug":"macbook-hardcase","status":"publish","type":"product","link":"https:\/\/oktakon.de\/en\/product\/macbook-hardcase\/","title":{"rendered":"MacBook Hardcase"},"content":{"rendered":"","protected":false},"excerpt":{"rendered":"<p>We currently offer our 13-inch aluminum laptop case. With its perfectly fitting padding, it provides perfect support for your Macbook Pro 13 (all 13-inch models from 2016 onwards) with dimensions of 30.4 x 21.2 x 1.6 cm Of course, other laptop models also fit into our hard shell case, as you can see below.<\/p>\n","protected":false},"featured_media":8092,"template":"","meta":[],"product_brand":[],"product_cat":[115],"product_tag":[],"class_list":{"0":"post-8090","1":"product","2":"type-product","3":"status-publish","4":"has-post-thumbnail","6":"product_cat-nicht-kategorisiert","8":"first","9":"instock","10":"taxable","11":"shipping-taxable","12":"purchasable","13":"product-type-variable","14":"has-default-attributes","15":"rtwpvg-product"},"yoast_head":"<!-- This site is optimized with the Yoast SEO plugin v27.4 - https:\/\/yoast.com\/product\/yoast-seo-wordpress\/ -->\n<title>MacBook Hardcase - Oktakon GmbH<\/title>\n<meta name=\"robots\" content=\"index, follow, max-snippet:-1, max-image-preview:large, max-video-preview:-1\" \/>\n<link rel=\"canonical\" href=\"https:\/\/oktakon.de\/en\/product\/macbook-hardcase\/\" \/>\n<script type=\"application\/ld+json\" class=\"yoast-schema-graph\">{\"@context\":\"https:\\\/\\\/schema.org\",\"@graph\":[{\"@type\":\"WebPage\",\"@id\":\"https:\\\/\\\/oktakon.de\\\/en\\\/product\\\/macbook-hardcase\\\/\",\"url\":\"https:\\\/\\\/oktakon.de\\\/en\\\/product\\\/macbook-hardcase\\\/\",\"name\":\"MacBook Hardcase - Oktakon GmbH\",\"isPartOf\":{\"@id\":\"https:\\\/\\\/oktakon.de\\\/#website\"},\"primaryImageOfPage\":{\"@id\":\"https:\\\/\\\/oktakon.de\\\/en\\\/product\\\/macbook-hardcase\\\/#primaryimage\"},\"image\":{\"@id\":\"https:\\\/\\\/oktakon.de\\\/en\\\/product\\\/macbook-hardcase\\\/#primaryimage\"},\"thumbnailUrl\":\"https:\\\/\\\/oktakon.de\\\/wp-content\\\/uploads\\\/2022\\\/09\\\/1.webp\",\"datePublished\":\"2022-09-29T13:31:03+00:00\",\"dateModified\":\"2026-03-18T12:36:06+00:00\",\"breadcrumb\":{\"@id\":\"https:\\\/\\\/oktakon.de\\\/en\\\/product\\\/macbook-hardcase\\\/#breadcrumb\"},\"inLanguage\":\"en-US\",\"potentialAction\":[{\"@type\":\"ReadAction\",\"target\":[\"https:\\\/\\\/oktakon.de\\\/en\\\/product\\\/macbook-hardcase\\\/\"]}]},{\"@type\":\"ImageObject\",\"inLanguage\":\"en-US\",\"@id\":\"https:\\\/\\\/oktakon.de\\\/en\\\/product\\\/macbook-hardcase\\\/#primaryimage\",\"url\":\"https:\\\/\\\/oktakon.de\\\/wp-content\\\/uploads\\\/2022\\\/09\\\/1.webp\",\"contentUrl\":\"https:\\\/\\\/oktakon.de\\\/wp-content\\\/uploads\\\/2022\\\/09\\\/1.webp\",\"width\":1920,\"height\":1080},{\"@type\":\"BreadcrumbList\",\"@id\":\"https:\\\/\\\/oktakon.de\\\/en\\\/product\\\/macbook-hardcase\\\/#breadcrumb\",\"itemListElement\":[{\"@type\":\"ListItem\",\"position\":1,\"name\":\"Startseite\",\"item\":\"https:\\\/\\\/oktakon.de\\\/\"},{\"@type\":\"ListItem\",\"position\":2,\"name\":\"Produkte\",\"item\":\"https:\\\/\\\/oktakon.de\\\/shop\\\/\"},{\"@type\":\"ListItem\",\"position\":3,\"name\":\"MacBook Hardcase\"}]},{\"@type\":\"WebSite\",\"@id\":\"https:\\\/\\\/oktakon.de\\\/#website\",\"url\":\"https:\\\/\\\/oktakon.de\\\/\",\"name\":\"Oktakon - Aluminium Laptoph\u00fcllen: Premium-Qualit\u00e4t f\u00fcr dein MacBook\",\"description\":\"Aluminium Laptoph\u00fcllen: Premium-Qualit\u00e4t f\u00fcr dein MacBook\",\"publisher\":{\"@id\":\"https:\\\/\\\/oktakon.de\\\/#organization\"},\"potentialAction\":[{\"@type\":\"SearchAction\",\"target\":{\"@type\":\"EntryPoint\",\"urlTemplate\":\"https:\\\/\\\/oktakon.de\\\/?s={search_term_string}\"},\"query-input\":{\"@type\":\"PropertyValueSpecification\",\"valueRequired\":true,\"valueName\":\"search_term_string\"}}],\"inLanguage\":\"en-US\"},{\"@type\":\"Organization\",\"@id\":\"https:\\\/\\\/oktakon.de\\\/#organization\",\"name\":\"Oktakon GmbH\",\"url\":\"https:\\\/\\\/oktakon.de\\\/\",\"logo\":{\"@type\":\"ImageObject\",\"inLanguage\":\"en-US\",\"@id\":\"https:\\\/\\\/oktakon.de\\\/#\\\/schema\\\/logo\\\/image\\\/\",\"url\":\"https:\\\/\\\/oktakon.de\\\/wp-content\\\/uploads\\\/2025\\\/04\\\/logo.png\",\"contentUrl\":\"https:\\\/\\\/oktakon.de\\\/wp-content\\\/uploads\\\/2025\\\/04\\\/logo.png\",\"width\":946,\"height\":167,\"caption\":\"Oktakon GmbH\"},\"image\":{\"@id\":\"https:\\\/\\\/oktakon.de\\\/#\\\/schema\\\/logo\\\/image\\\/\"},\"sameAs\":[\"https:\\\/\\\/www.facebook.com\\\/people\\\/Oktakon-GmbH\\\/61560806767539\\\/\",\"https:\\\/\\\/www.youtube.com\\\/@oktakon-gmbh\",\"https:\\\/\\\/www.tiktok.com\\\/@oktakon.hardcases\"]}]}<\/script>\n<!-- \/ Yoast SEO plugin. -->","yoast_head_json":{"title":"MacBook Hardcase - Oktakon GmbH","robots":{"index":"index","follow":"follow","max-snippet":"max-snippet:-1","max-image-preview":"max-image-preview:large","max-video-preview":"max-video-preview:-1"},"canonical":"https:\/\/oktakon.de\/en\/product\/macbook-hardcase\/","schema":{"@context":"https:\/\/schema.org","@graph":[{"@type":"WebPage","@id":"https:\/\/oktakon.de\/en\/product\/macbook-hardcase\/","url":"https:\/\/oktakon.de\/en\/product\/macbook-hardcase\/","name":"MacBook Hardcase - Oktakon GmbH","isPartOf":{"@id":"https:\/\/oktakon.de\/#website"},"primaryImageOfPage":{"@id":"https:\/\/oktakon.de\/en\/product\/macbook-hardcase\/#primaryimage"},"image":{"@id":"https:\/\/oktakon.de\/en\/product\/macbook-hardcase\/#primaryimage"},"thumbnailUrl":"https:\/\/oktakon.de\/wp-content\/uploads\/2022\/09\/1.webp","datePublished":"2022-09-29T13:31:03+00:00","dateModified":"2026-03-18T12:36:06+00:00","breadcrumb":{"@id":"https:\/\/oktakon.de\/en\/product\/macbook-hardcase\/#breadcrumb"},"inLanguage":"en-US","potentialAction":[{"@type":"ReadAction","target":["https:\/\/oktakon.de\/en\/product\/macbook-hardcase\/"]}]},{"@type":"ImageObject","inLanguage":"en-US","@id":"https:\/\/oktakon.de\/en\/product\/macbook-hardcase\/#primaryimage","url":"https:\/\/oktakon.de\/wp-content\/uploads\/2022\/09\/1.webp","contentUrl":"https:\/\/oktakon.de\/wp-content\/uploads\/2022\/09\/1.webp","width":1920,"height":1080},{"@type":"BreadcrumbList","@id":"https:\/\/oktakon.de\/en\/product\/macbook-hardcase\/#breadcrumb","itemListElement":[{"@type":"ListItem","position":1,"name":"Startseite","item":"https:\/\/oktakon.de\/"},{"@type":"ListItem","position":2,"name":"Produkte","item":"https:\/\/oktakon.de\/shop\/"},{"@type":"ListItem","position":3,"name":"MacBook Hardcase"}]},{"@type":"WebSite","@id":"https:\/\/oktakon.de\/#website","url":"https:\/\/oktakon.de\/","name":"Oktakon - Aluminium Laptoph\u00fcllen: Premium-Qualit\u00e4t f\u00fcr dein MacBook","description":"Aluminium Laptoph\u00fcllen: Premium-Qualit\u00e4t f\u00fcr dein MacBook","publisher":{"@id":"https:\/\/oktakon.de\/#organization"},"potentialAction":[{"@type":"SearchAction","target":{"@type":"EntryPoint","urlTemplate":"https:\/\/oktakon.de\/?s={search_term_string}"},"query-input":{"@type":"PropertyValueSpecification","valueRequired":true,"valueName":"search_term_string"}}],"inLanguage":"en-US"},{"@type":"Organization","@id":"https:\/\/oktakon.de\/#organization","name":"Oktakon GmbH","url":"https:\/\/oktakon.de\/","logo":{"@type":"ImageObject","inLanguage":"en-US","@id":"https:\/\/oktakon.de\/#\/schema\/logo\/image\/","url":"https:\/\/oktakon.de\/wp-content\/uploads\/2025\/04\/logo.png","contentUrl":"https:\/\/oktakon.de\/wp-content\/uploads\/2025\/04\/logo.png","width":946,"height":167,"caption":"Oktakon GmbH"},"image":{"@id":"https:\/\/oktakon.de\/#\/schema\/logo\/image\/"},"sameAs":["https:\/\/www.facebook.com\/people\/Oktakon-GmbH\/61560806767539\/","https:\/\/www.youtube.com\/@oktakon-gmbh","https:\/\/www.tiktok.com\/@oktakon.hardcases"]}]}},"_links":{"self":[{"href":"https:\/\/oktakon.de\/en\/wp-json\/wp\/v2\/product\/8090","targetHints":{"allow":["GET"]}}],"collection":[{"href":"https:\/\/oktakon.de\/en\/wp-json\/wp\/v2\/product"}],"about":[{"href":"https:\/\/oktakon.de\/en\/wp-json\/wp\/v2\/types\/product"}],"version-history":[{"count":1,"href":"https:\/\/oktakon.de\/en\/wp-json\/wp\/v2\/product\/8090\/revisions"}],"predecessor-version":[{"id":8100,"href":"https:\/\/oktakon.de\/en\/wp-json\/wp\/v2\/product\/8090\/revisions\/8100"}],"wp:featuredmedia":[{"embeddable":true,"href":"https:\/\/oktakon.de\/en\/wp-json\/wp\/v2\/media\/8092"}],"wp:attachment":[{"href":"https:\/\/oktakon.de\/en\/wp-json\/wp\/v2\/media?parent=8090"}],"wp:term":[{"taxonomy":"product_brand","embeddable":true,"href":"https:\/\/oktakon.de\/en\/wp-json\/wp\/v2\/product_brand?post=8090"},{"taxonomy":"product_cat","embeddable":true,"href":"https:\/\/oktakon.de\/en\/wp-json\/wp\/v2\/product_cat?post=8090"},{"taxonomy":"product_tag","embeddable":true,"href":"https:\/\/oktakon.de\/en\/wp-json\/wp\/v2\/product_tag?post=8090"}],"curies":[{"name":"wp","href":"https:\/\/api.w.org\/{rel}","templated":true}]}}