{"id":8194,"date":"2025-07-20T20:11:29","date_gmt":"2025-07-20T18:11:29","guid":{"rendered":"https:\/\/oktakon.info\/materials\/"},"modified":"2025-09-26T10:54:15","modified_gmt":"2025-09-26T08:54:15","slug":"materials","status":"publish","type":"page","link":"https:\/\/oktakon.de\/en\/materials\/","title":{"rendered":"MATERIALS"},"content":{"rendered":"\t\t<div data-elementor-type=\"wp-page\" data-elementor-id=\"8194\" class=\"elementor elementor-8194 elementor-6567\" data-elementor-post-type=\"page\">\n\t\t\t\t<div class=\"elementor-element elementor-element-8d6fade e-flex e-con-boxed e-con e-parent\" data-id=\"8d6fade\" data-element_type=\"container\" data-settings=\"{&quot;background_background&quot;:&quot;classic&quot;}\">\n\t\t\t\t\t<div class=\"e-con-inner\">\n\t\t<div class=\"elementor-element elementor-element-817629a e-con-full e-flex e-con e-child\" data-id=\"817629a\" data-element_type=\"container\">\n\t\t\t\t<div class=\"elementor-element elementor-element-a2f1ea0 elementor-widget elementor-widget-heading\" data-id=\"a2f1ea0\" data-element_type=\"widget\" data-widget_type=\"heading.default\">\n\t\t\t\t\t<h1 class=\"elementor-heading-title elementor-size-default\">HARDCASE MATERIALS &amp; COMPONENTS<\/h1>\t\t\t\t<\/div>\n\t\t\t\t<div class=\"elementor-element elementor-element-8280598 elementor-widget elementor-widget-text-editor\" data-id=\"8280598\" data-element_type=\"widget\" data-widget_type=\"text-editor.default\">\n\t\t\t\t\t\t\t\t\t<section class=\"MaterialStyles_hero__fa3iy\"><div class=\"MaterialStyles_heroContent__jAgBd\"><div class=\"MaterialStyles_container__GL9cx\"><p class=\"MaterialStyles_Text__soimT\">Discover the materials and components that make our aluminum MacBook hard cases the ultimate fusion of durability, elegance, and security.<\/p><\/div><\/div><\/section><section id=\"craftsmanship\" class=\"MaterialStyles_foundation__r72Ct\"><div class=\"MaterialStyles_container__GL9cx\"><div class=\"MaterialStyles_foundationGrid__WBpl5\"> <\/div><\/div><\/section>\t\t\t\t\t\t\t\t<\/div>\n\t\t\t\t<\/div>\n\t\t\t\t\t<\/div>\n\t\t\t\t<\/div>\n\t\t<div class=\"elementor-element elementor-element-f838eb0 e-flex e-con-boxed e-con e-parent\" data-id=\"f838eb0\" data-element_type=\"container\">\n\t\t\t\t\t<div class=\"e-con-inner\">\n\t\t<div class=\"elementor-element elementor-element-84ab7a3 e-con-full e-flex e-con e-child\" data-id=\"84ab7a3\" data-element_type=\"container\">\n\t\t\t\t<div class=\"elementor-element elementor-element-3670541 elementor-widget elementor-widget-image\" data-id=\"3670541\" data-element_type=\"widget\" data-widget_type=\"image.default\">\n\t\t\t\t\t\t\t\t\t\t\t\t\t\t\t<img fetchpriority=\"high\" decoding=\"async\" width=\"800\" height=\"725\" src=\"https:\/\/oktakon.de\/wp-content\/uploads\/2025\/07\/Laptopcase-Macbook-13-air-1024x928.webp\" class=\"attachment-large size-large wp-image-8150\" alt=\"\" srcset=\"https:\/\/oktakon.de\/wp-content\/uploads\/2025\/07\/Laptopcase-Macbook-13-air-1024x928.webp 1024w, https:\/\/oktakon.de\/wp-content\/uploads\/2025\/07\/Laptopcase-Macbook-13-air-300x272.webp 300w, https:\/\/oktakon.de\/wp-content\/uploads\/2025\/07\/Laptopcase-Macbook-13-air-768x696.webp 768w, https:\/\/oktakon.de\/wp-content\/uploads\/2025\/07\/Laptopcase-Macbook-13-air-1536x1392.webp 1536w, https:\/\/oktakon.de\/wp-content\/uploads\/2025\/07\/Laptopcase-Macbook-13-air-600x544.webp 600w, https:\/\/oktakon.de\/wp-content\/uploads\/2025\/07\/Laptopcase-Macbook-13-air.webp 1678w\" sizes=\"(max-width: 800px) 100vw, 800px\" \/>\t\t\t\t\t\t\t\t\t\t\t\t\t\t\t<\/div>\n\t\t\t\t<\/div>\n\t\t<div class=\"elementor-element elementor-element-6e2c751 e-con-full e-flex e-con e-child\" data-id=\"6e2c751\" data-element_type=\"container\">\n\t\t\t\t<div class=\"elementor-element elementor-element-8b603ba elementor-widget elementor-widget-heading\" data-id=\"8b603ba\" data-element_type=\"widget\" data-widget_type=\"heading.default\">\n\t\t\t\t\t<h2 class=\"elementor-heading-title elementor-size-default\">The Core: Anodized Aluminum<\/h2>\t\t\t\t<\/div>\n\t\t\t\t<div class=\"elementor-element elementor-element-e7c5a6c elementor-widget elementor-widget-text-editor\" data-id=\"e7c5a6c\" data-element_type=\"widget\" data-widget_type=\"text-editor.default\">\n\t\t\t\t\t\t\t\t\t<p class=\"MaterialStyles_Text__soimT\">Our cases are crafted from 5052 anodized aluminum, a material known for its exceptional strength, lightweight properties, and sleek matte finish.<br>The surface is scratch-resistant, corrosion-free, and designed to maintain its elegant look for years to come.<br>No cheap plastics. No compromises. Just pure, high-quality metal.<\/p><p class=\"MaterialStyles_Text__soimT\">Superior MacBook Protection: EVA Padding<\/p><p class=\"MaterialStyles_Text__soimT\">No cheap plastic. No compromises. Nur reines, hochwertiges Metall.<\/p>\t\t\t\t\t\t\t\t<\/div>\n\t\t\t\t<\/div>\n\t\t\t\t\t<\/div>\n\t\t\t\t<\/div>\n\t\t<div class=\"elementor-element elementor-element-80fa4e1 e-flex e-con-boxed e-con e-parent\" data-id=\"80fa4e1\" data-element_type=\"container\">\n\t\t\t\t\t<div class=\"e-con-inner\">\n\t\t<div class=\"elementor-element elementor-element-5aee241 e-con-full e-flex e-con e-child\" data-id=\"5aee241\" data-element_type=\"container\">\n\t\t\t\t<div class=\"elementor-element elementor-element-a4ba960 elementor-widget elementor-widget-heading\" data-id=\"a4ba960\" data-element_type=\"widget\" data-widget_type=\"heading.default\">\n\t\t\t\t\t<h2 class=\"elementor-heading-title elementor-size-default\">Superior MacBook Protection: EVA Padding<\/h2>\t\t\t\t<\/div>\n\t\t\t\t<div class=\"elementor-element elementor-element-6d8bb92 elementor-widget elementor-widget-text-editor\" data-id=\"6d8bb92\" data-element_type=\"widget\" data-widget_type=\"text-editor.default\">\n\t\t\t\t\t\t\t\t\t<p class=\"MaterialStyles_Text__soimT\">Inside, precision-engineered EVA foam padding absorbs shocks and impacts, keeping your MacBook secure from every angle.<br><br><\/p><p class=\"MaterialStyles_Text__soimT\">A soft, velvety fabric layer prevents scratches while ensuring a snug fit\u2014no wobbling, no shifting.<br><br><\/p><p class=\"MaterialStyles_Text__soimT\">Designed for MacBook Pro &amp; Air with precise cutouts for maximum protection.<\/p>\t\t\t\t\t\t\t\t<\/div>\n\t\t\t\t<\/div>\n\t\t<div class=\"elementor-element elementor-element-aa2c0f2 e-con-full e-flex e-con e-child\" data-id=\"aa2c0f2\" data-element_type=\"container\">\n\t\t\t\t<div class=\"elementor-element elementor-element-f8ba93a elementor-widget elementor-widget-image\" data-id=\"f8ba93a\" data-element_type=\"widget\" data-widget_type=\"image.default\">\n\t\t\t\t\t\t\t\t\t\t\t\t\t\t\t<img decoding=\"async\" width=\"700\" height=\"560\" src=\"https:\/\/oktakon.de\/wp-content\/uploads\/2025\/07\/lowfoam-1a.jpg\" class=\"attachment-large size-large wp-image-8185\" alt=\"\" srcset=\"https:\/\/oktakon.de\/wp-content\/uploads\/2025\/07\/lowfoam-1a.jpg 700w, https:\/\/oktakon.de\/wp-content\/uploads\/2025\/07\/lowfoam-1a-300x240.jpg 300w, https:\/\/oktakon.de\/wp-content\/uploads\/2025\/07\/lowfoam-1a-600x480.jpg 600w\" sizes=\"(max-width: 700px) 100vw, 700px\" \/>\t\t\t\t\t\t\t\t\t\t\t\t\t\t\t<\/div>\n\t\t\t\t<\/div>\n\t\t\t\t\t<\/div>\n\t\t\t\t<\/div>\n\t\t<div class=\"elementor-element elementor-element-fbca159 e-flex e-con-boxed e-con e-parent\" data-id=\"fbca159\" data-element_type=\"container\">\n\t\t\t\t\t<div class=\"e-con-inner\">\n\t\t\t\t<div class=\"elementor-element elementor-element-3356af8 elementor-widget elementor-widget-heading\" data-id=\"3356af8\" data-element_type=\"widget\" data-widget_type=\"heading.default\">\n\t\t\t\t\t<h2 class=\"elementor-heading-title elementor-size-default\">Precision-Engineered Components: Built to Last<\/h2>\t\t\t\t<\/div>\n\t\t\t\t\t<\/div>\n\t\t\t\t<\/div>\n\t\t<div class=\"elementor-element elementor-element-2dd968d e-flex e-con-boxed e-con e-parent\" data-id=\"2dd968d\" data-element_type=\"container\">\n\t\t\t\t\t<div class=\"e-con-inner\">\n\t\t<div class=\"elementor-element elementor-element-5b3d991 e-con-full e-flex e-con e-child\" data-id=\"5b3d991\" data-element_type=\"container\">\n\t\t\t\t<div class=\"elementor-element elementor-element-d694c01 elementor-widget elementor-widget-image\" data-id=\"d694c01\" data-element_type=\"widget\" data-widget_type=\"image.default\">\n\t\t\t\t\t\t\t\t\t\t\t\t\t\t\t<img decoding=\"async\" width=\"800\" height=\"437\" src=\"https:\/\/oktakon.de\/wp-content\/uploads\/2025\/07\/mcbook-tasche-alu-1024x559.jpg\" class=\"attachment-large size-large wp-image-8186\" alt=\"\" srcset=\"https:\/\/oktakon.de\/wp-content\/uploads\/2025\/07\/mcbook-tasche-alu-1024x559.jpg 1024w, https:\/\/oktakon.de\/wp-content\/uploads\/2025\/07\/mcbook-tasche-alu-300x164.jpg 300w, https:\/\/oktakon.de\/wp-content\/uploads\/2025\/07\/mcbook-tasche-alu-768x419.jpg 768w, https:\/\/oktakon.de\/wp-content\/uploads\/2025\/07\/mcbook-tasche-alu-600x327.jpg 600w, https:\/\/oktakon.de\/wp-content\/uploads\/2025\/07\/mcbook-tasche-alu.jpg 1100w\" sizes=\"(max-width: 800px) 100vw, 800px\" \/>\t\t\t\t\t\t\t\t\t\t\t\t\t\t\t<\/div>\n\t\t\t\t<div class=\"elementor-element elementor-element-ada610f elementor-widget elementor-widget-heading\" data-id=\"ada610f\" data-element_type=\"widget\" data-widget_type=\"heading.default\">\n\t\t\t\t\t<h3 class=\"elementor-heading-title elementor-size-default\">Maximum Security, Effortlessly Operated<\/h3>\t\t\t\t<\/div>\n\t\t\t\t<div class=\"elementor-element elementor-element-2d0cb03 elementor-widget elementor-widget-text-editor\" data-id=\"2d0cb03\" data-element_type=\"widget\" data-widget_type=\"text-editor.default\">\n\t\t\t\t\t\t\t\t\tOur double snap closures provide reliable hold while opening and closing with ease, thanks to smart spring-loaded mechanisms.\n\t\t\t\t\t\t\t\t<\/div>\n\t\t\t\t<\/div>\n\t\t<div class=\"elementor-element elementor-element-e44c880 e-con-full e-flex e-con e-child\" data-id=\"e44c880\" data-element_type=\"container\">\n\t\t\t\t<div class=\"elementor-element elementor-element-db6f61a elementor-widget elementor-widget-image\" data-id=\"db6f61a\" data-element_type=\"widget\" data-widget_type=\"image.default\">\n\t\t\t\t\t\t\t\t\t\t\t\t\t\t\t<img loading=\"lazy\" decoding=\"async\" width=\"800\" height=\"437\" src=\"https:\/\/oktakon.de\/wp-content\/uploads\/2025\/07\/mcbook-case-alu-1024x559.jpg\" class=\"attachment-large size-large wp-image-8187\" alt=\"\" srcset=\"https:\/\/oktakon.de\/wp-content\/uploads\/2025\/07\/mcbook-case-alu-1024x559.jpg 1024w, https:\/\/oktakon.de\/wp-content\/uploads\/2025\/07\/mcbook-case-alu-300x164.jpg 300w, https:\/\/oktakon.de\/wp-content\/uploads\/2025\/07\/mcbook-case-alu-768x419.jpg 768w, https:\/\/oktakon.de\/wp-content\/uploads\/2025\/07\/mcbook-case-alu-600x327.jpg 600w, https:\/\/oktakon.de\/wp-content\/uploads\/2025\/07\/mcbook-case-alu.jpg 1100w\" sizes=\"(max-width: 800px) 100vw, 800px\" \/>\t\t\t\t\t\t\t\t\t\t\t\t\t\t\t<\/div>\n\t\t\t\t<div class=\"elementor-element elementor-element-65b9ceb elementor-widget elementor-widget-heading\" data-id=\"65b9ceb\" data-element_type=\"widget\" data-widget_type=\"heading.default\">\n\t\t\t\t\t<h3 class=\"elementor-heading-title elementor-size-default\">Smooth, Durable Mechanism<\/h3>\t\t\t\t<\/div>\n\t\t\t\t<div class=\"elementor-element elementor-element-bb2f180 elementor-widget elementor-widget-text-editor\" data-id=\"bb2f180\" data-element_type=\"widget\" data-widget_type=\"text-editor.default\">\n\t\t\t\t\t\t\t\t\t<p class=\"MaterialStyles_Text__soimT\">The robust hinges deliver a seamless feel and ensure effortless handling, day after day.<\/p>\t\t\t\t\t\t\t\t<\/div>\n\t\t\t\t<\/div>\n\t\t<div class=\"elementor-element elementor-element-a3e047f e-con-full e-flex e-con e-child\" data-id=\"a3e047f\" data-element_type=\"container\">\n\t\t\t\t<div class=\"elementor-element elementor-element-685dfc4 elementor-widget elementor-widget-image\" data-id=\"685dfc4\" data-element_type=\"widget\" data-widget_type=\"image.default\">\n\t\t\t\t\t\t\t\t\t\t\t\t\t\t\t<img loading=\"lazy\" decoding=\"async\" width=\"800\" height=\"437\" src=\"https:\/\/oktakon.de\/wp-content\/uploads\/2025\/07\/mcbook-tasche-1024x559.jpg\" class=\"attachment-large size-large wp-image-8188\" alt=\"\" srcset=\"https:\/\/oktakon.de\/wp-content\/uploads\/2025\/07\/mcbook-tasche-1024x559.jpg 1024w, https:\/\/oktakon.de\/wp-content\/uploads\/2025\/07\/mcbook-tasche-300x164.jpg 300w, https:\/\/oktakon.de\/wp-content\/uploads\/2025\/07\/mcbook-tasche-768x419.jpg 768w, https:\/\/oktakon.de\/wp-content\/uploads\/2025\/07\/mcbook-tasche-600x327.jpg 600w, https:\/\/oktakon.de\/wp-content\/uploads\/2025\/07\/mcbook-tasche.jpg 1100w\" sizes=\"(max-width: 800px) 100vw, 800px\" \/>\t\t\t\t\t\t\t\t\t\t\t\t\t\t\t<\/div>\n\t\t\t\t<div class=\"elementor-element elementor-element-0341f59 elementor-widget elementor-widget-heading\" data-id=\"0341f59\" data-element_type=\"widget\" data-widget_type=\"heading.default\">\n\t\t\t\t\t<h3 class=\"elementor-heading-title elementor-size-default\">Elegant Finish That Impresses<\/h3>\t\t\t\t<\/div>\n\t\t\t\t<div class=\"elementor-element elementor-element-3683a8b elementor-widget elementor-widget-text-editor\" data-id=\"3683a8b\" data-element_type=\"widget\" data-widget_type=\"text-editor.default\">\n\t\t\t\t\t\t\t\t\t<p class=\"MaterialStyles_Text__soimT\">The highly polished nickel-zinc finish gives every component a stylish elegance and high-quality appearance.<\/p>\t\t\t\t\t\t\t\t<\/div>\n\t\t\t\t<\/div>\n\t\t\t\t\t<\/div>\n\t\t\t\t<\/div>\n\t\t<div class=\"elementor-element elementor-element-8e8b056 e-flex e-con-boxed e-con e-parent\" data-id=\"8e8b056\" data-element_type=\"container\" data-settings=\"{&quot;background_background&quot;:&quot;classic&quot;}\">\n\t\t\t\t\t<div class=\"e-con-inner\">\n\t\t<div class=\"elementor-element elementor-element-033a705 e-con-full e-flex e-con e-child\" data-id=\"033a705\" data-element_type=\"container\">\n\t\t\t\t<div class=\"elementor-element elementor-element-37f6f37 elementor-widget elementor-widget-heading\" data-id=\"37f6f37\" data-element_type=\"widget\" data-widget_type=\"heading.default\">\n\t\t\t\t\t<h1 class=\"elementor-heading-title elementor-size-default\">Why Choose Aluminum Over Fabric &amp; Plastic Cases?<\/h1>\t\t\t\t<\/div>\n\t\t\t\t<\/div>\n\t\t<div class=\"elementor-element elementor-element-396e82d e-con-full e-flex e-con e-child\" data-id=\"396e82d\" data-element_type=\"container\">\n\t\t\t\t<div class=\"elementor-element elementor-element-5c2bcdf elementor-mobile-align-center elementor-widget-mobile__width-inherit elementor-widget elementor-widget-button\" data-id=\"5c2bcdf\" data-element_type=\"widget\" data-widget_type=\"button.default\">\n\t\t\t\t\t\t\t\t\t\t<a class=\"elementor-button elementor-button-link elementor-size-sm\" href=\"https:\/\/oktakon.de\/en\/product\/macbook-hardcase\/\">\n\t\t\t\t\t\t<span class=\"elementor-button-content-wrapper\">\n\t\t\t\t\t\t\t\t\t<span class=\"elementor-button-text\">BUY NOW<\/span>\n\t\t\t\t\t<\/span>\n\t\t\t\t\t<\/a>\n\t\t\t\t\t\t\t\t<\/div>\n\t\t\t\t<\/div>\n\t\t\t\t\t<\/div>\n\t\t\t\t<\/div>\n\t\t<div class=\"elementor-element elementor-element-4849842 e-flex e-con-boxed e-con e-parent\" data-id=\"4849842\" data-element_type=\"container\">\n\t\t\t\t\t<div class=\"e-con-inner\">\n\t\t<div class=\"elementor-element elementor-element-7060300 e-con-full e-flex e-con e-child\" data-id=\"7060300\" data-element_type=\"container\" data-settings=\"{&quot;background_background&quot;:&quot;classic&quot;}\">\n\t\t\t\t<\/div>\n\t\t<div class=\"elementor-element elementor-element-63f8676 e-con-full e-flex e-con e-child\" data-id=\"63f8676\" data-element_type=\"container\">\n\t\t\t\t<div class=\"elementor-element elementor-element-060f958 elementor-widget elementor-widget-heading\" data-id=\"060f958\" data-element_type=\"widget\" data-widget_type=\"heading.default\">\n\t\t\t\t\t<h2 class=\"elementor-heading-title elementor-size-default\">The Future of MacBook Protection: What's Next?<\/h2>\t\t\t\t<\/div>\n\t\t\t\t<div class=\"elementor-element elementor-element-dfe89b7 elementor-widget elementor-widget-text-editor\" data-id=\"dfe89b7\" data-element_type=\"widget\" data-widget_type=\"text-editor.default\">\n\t\t\t\t\t\t\t\t\t<p class=\"MaterialStyles_Text__soimT\">Our commitment to innovation never stops. We are expanding our lineup to include new sizes and enhanced features. <\/p><p class=\"MaterialStyles_Text__soimT\"><strong>MacBook 14 Inch &amp; 16 Inch hard cases coming soon!<\/strong><\/p><p class=\"MaterialStyles_Text__soimT\">Stay tuned for next-gen anodized finishes &amp; color options.<\/p>\t\t\t\t\t\t\t\t<\/div>\n\t\t\t\t<div class=\"elementor-element elementor-element-9dfe843 elementor-mobile-align-center elementor-widget-mobile__width-inherit elementor-widget elementor-widget-button\" data-id=\"9dfe843\" data-element_type=\"widget\" data-widget_type=\"button.default\">\n\t\t\t\t\t\t\t\t\t\t<a class=\"elementor-button elementor-button-link elementor-size-sm\" href=\"https:\/\/oktakon.de\/en\/product\/macbook-hardcase\/\">\n\t\t\t\t\t\t<span class=\"elementor-button-content-wrapper\">\n\t\t\t\t\t\t\t\t\t<span class=\"elementor-button-text\">NEWSLETTER<\/span>\n\t\t\t\t\t<\/span>\n\t\t\t\t\t<\/a>\n\t\t\t\t\t\t\t\t<\/div>\n\t\t\t\t<\/div>\n\t\t\t\t\t<\/div>\n\t\t\t\t<\/div>\n\t\t\t\t<\/div>\n\t\t","protected":false},"excerpt":{"rendered":"<p>HARDCASE MATERIALS &amp; COMPONENTS Discover the materials and components that make our aluminum MacBook hard cases the ultimate fusion of durability, elegance, and security. The Core: Anodized Aluminum Our cases are crafted from 5052 anodized aluminum, a material known for its exceptional strength, lightweight properties, and sleek matte finish.The surface is scratch-resistant, corrosion-free, and designed [&hellip;]<\/p>\n","protected":false},"author":1,"featured_media":0,"parent":0,"menu_order":0,"comment_status":"closed","ping_status":"closed","template":"","meta":{"footnotes":""},"class_list":["post-8194","page","type-page","status-publish","hentry"],"yoast_head":"<!-- This site is optimized with the Yoast SEO plugin v26.4 - https:\/\/yoast.com\/wordpress\/plugins\/seo\/ -->\n<title>Aluminum laptop cases for Apple MacBooks from Oktakon<\/title>\n<meta name=\"description\" content=\"Perfect protection, a perfect fit, and durable. Ideal for everyday use or travel! Perfect aluminum design for the MacBook Pro or MacBook.\" \/>\n<meta name=\"robots\" content=\"index, follow, max-snippet:-1, max-image-preview:large, max-video-preview:-1\" \/>\n<link rel=\"canonical\" href=\"https:\/\/oktakon.de\/en\/materials\/\" \/>\n<script type=\"application\/ld+json\" class=\"yoast-schema-graph\">{\"@context\":\"https:\/\/schema.org\",\"@graph\":[{\"@type\":\"WebPage\",\"@id\":\"https:\/\/oktakon.de\/en\/materials\/\",\"url\":\"https:\/\/oktakon.de\/en\/materials\/\",\"name\":\"Aluminum laptop cases for Apple MacBooks from Oktakon\",\"isPartOf\":{\"@id\":\"https:\/\/oktakon.de\/#website\"},\"primaryImageOfPage\":{\"@id\":\"https:\/\/oktakon.de\/en\/materials\/#primaryimage\"},\"image\":{\"@id\":\"https:\/\/oktakon.de\/en\/materials\/#primaryimage\"},\"thumbnailUrl\":\"https:\/\/oktakon.de\/wp-content\/uploads\/2025\/07\/Laptopcase-Macbook-13-air-1024x928.webp\",\"datePublished\":\"2025-07-20T18:11:29+00:00\",\"dateModified\":\"2025-09-26T08:54:15+00:00\",\"description\":\"Perfect protection, a perfect fit, and durable. Ideal for everyday use or travel! Perfect aluminum design for the MacBook Pro or MacBook.\",\"breadcrumb\":{\"@id\":\"https:\/\/oktakon.de\/en\/materials\/#breadcrumb\"},\"inLanguage\":\"en-US\",\"potentialAction\":[{\"@type\":\"ReadAction\",\"target\":[\"https:\/\/oktakon.de\/en\/materials\/\"]}]},{\"@type\":\"ImageObject\",\"inLanguage\":\"en-US\",\"@id\":\"https:\/\/oktakon.de\/en\/materials\/#primaryimage\",\"url\":\"https:\/\/oktakon.de\/wp-content\/uploads\/2025\/07\/Laptopcase-Macbook-13-air-1024x928.webp\",\"contentUrl\":\"https:\/\/oktakon.de\/wp-content\/uploads\/2025\/07\/Laptopcase-Macbook-13-air-1024x928.webp\"},{\"@type\":\"BreadcrumbList\",\"@id\":\"https:\/\/oktakon.de\/en\/materials\/#breadcrumb\",\"itemListElement\":[{\"@type\":\"ListItem\",\"position\":1,\"name\":\"Startseite\",\"item\":\"https:\/\/oktakon.de\/\"},{\"@type\":\"ListItem\",\"position\":2,\"name\":\"MATERIALS\"}]},{\"@type\":\"WebSite\",\"@id\":\"https:\/\/oktakon.de\/#website\",\"url\":\"https:\/\/oktakon.de\/\",\"name\":\"Oktakon - Aluminium Laptoph\u00fcllen: Premium-Qualit\u00e4t f\u00fcr dein MacBook\",\"description\":\"Aluminium Laptoph\u00fcllen: Premium-Qualit\u00e4t f\u00fcr dein MacBook\",\"potentialAction\":[{\"@type\":\"SearchAction\",\"target\":{\"@type\":\"EntryPoint\",\"urlTemplate\":\"https:\/\/oktakon.de\/?s={search_term_string}\"},\"query-input\":{\"@type\":\"PropertyValueSpecification\",\"valueRequired\":true,\"valueName\":\"search_term_string\"}}],\"inLanguage\":\"en-US\"}]}<\/script>\n<!-- \/ Yoast SEO plugin. -->","yoast_head_json":{"title":"Aluminum laptop cases for Apple MacBooks from Oktakon","description":"Perfect protection, a perfect fit, and durable. Ideal for everyday use or travel! Perfect aluminum design for the MacBook Pro or MacBook.","robots":{"index":"index","follow":"follow","max-snippet":"max-snippet:-1","max-image-preview":"max-image-preview:large","max-video-preview":"max-video-preview:-1"},"canonical":"https:\/\/oktakon.de\/en\/materials\/","schema":{"@context":"https:\/\/schema.org","@graph":[{"@type":"WebPage","@id":"https:\/\/oktakon.de\/en\/materials\/","url":"https:\/\/oktakon.de\/en\/materials\/","name":"Aluminum laptop cases for Apple MacBooks from Oktakon","isPartOf":{"@id":"https:\/\/oktakon.de\/#website"},"primaryImageOfPage":{"@id":"https:\/\/oktakon.de\/en\/materials\/#primaryimage"},"image":{"@id":"https:\/\/oktakon.de\/en\/materials\/#primaryimage"},"thumbnailUrl":"https:\/\/oktakon.de\/wp-content\/uploads\/2025\/07\/Laptopcase-Macbook-13-air-1024x928.webp","datePublished":"2025-07-20T18:11:29+00:00","dateModified":"2025-09-26T08:54:15+00:00","description":"Perfect protection, a perfect fit, and durable. Ideal for everyday use or travel! Perfect aluminum design for the MacBook Pro or MacBook.","breadcrumb":{"@id":"https:\/\/oktakon.de\/en\/materials\/#breadcrumb"},"inLanguage":"en-US","potentialAction":[{"@type":"ReadAction","target":["https:\/\/oktakon.de\/en\/materials\/"]}]},{"@type":"ImageObject","inLanguage":"en-US","@id":"https:\/\/oktakon.de\/en\/materials\/#primaryimage","url":"https:\/\/oktakon.de\/wp-content\/uploads\/2025\/07\/Laptopcase-Macbook-13-air-1024x928.webp","contentUrl":"https:\/\/oktakon.de\/wp-content\/uploads\/2025\/07\/Laptopcase-Macbook-13-air-1024x928.webp"},{"@type":"BreadcrumbList","@id":"https:\/\/oktakon.de\/en\/materials\/#breadcrumb","itemListElement":[{"@type":"ListItem","position":1,"name":"Startseite","item":"https:\/\/oktakon.de\/"},{"@type":"ListItem","position":2,"name":"MATERIALS"}]},{"@type":"WebSite","@id":"https:\/\/oktakon.de\/#website","url":"https:\/\/oktakon.de\/","name":"Oktakon - Aluminium Laptoph\u00fcllen: Premium-Qualit\u00e4t f\u00fcr dein MacBook","description":"Aluminium Laptoph\u00fcllen: Premium-Qualit\u00e4t f\u00fcr dein MacBook","potentialAction":[{"@type":"SearchAction","target":{"@type":"EntryPoint","urlTemplate":"https:\/\/oktakon.de\/?s={search_term_string}"},"query-input":{"@type":"PropertyValueSpecification","valueRequired":true,"valueName":"search_term_string"}}],"inLanguage":"en-US"}]}},"_links":{"self":[{"href":"https:\/\/oktakon.de\/en\/wp-json\/wp\/v2\/pages\/8194","targetHints":{"allow":["GET"]}}],"collection":[{"href":"https:\/\/oktakon.de\/en\/wp-json\/wp\/v2\/pages"}],"about":[{"href":"https:\/\/oktakon.de\/en\/wp-json\/wp\/v2\/types\/page"}],"author":[{"embeddable":true,"href":"https:\/\/oktakon.de\/en\/wp-json\/wp\/v2\/users\/1"}],"replies":[{"embeddable":true,"href":"https:\/\/oktakon.de\/en\/wp-json\/wp\/v2\/comments?post=8194"}],"version-history":[{"count":4,"href":"https:\/\/oktakon.de\/en\/wp-json\/wp\/v2\/pages\/8194\/revisions"}],"predecessor-version":[{"id":8568,"href":"https:\/\/oktakon.de\/en\/wp-json\/wp\/v2\/pages\/8194\/revisions\/8568"}],"wp:attachment":[{"href":"https:\/\/oktakon.de\/en\/wp-json\/wp\/v2\/media?parent=8194"}],"curies":[{"name":"wp","href":"https:\/\/api.w.org\/{rel}","templated":true}]}}