{"id":8172,"date":"2025-07-20T23:29:48","date_gmt":"2025-07-20T21:29:48","guid":{"rendered":"https:\/\/oktakon.info\/legal-notice\/"},"modified":"2025-09-01T14:08:02","modified_gmt":"2025-09-01T12:08:02","slug":"legal-notice","status":"publish","type":"page","link":"https:\/\/oktakon.de\/en\/legal-notice\/","title":{"rendered":"Legal Notice"},"content":{"rendered":"\t\t<div data-elementor-type=\"wp-page\" data-elementor-id=\"8172\" class=\"elementor elementor-8172 elementor-6703\" data-elementor-post-type=\"page\">\n\t\t\t\t<div class=\"elementor-element elementor-element-aab4c95 e-flex e-con-boxed e-con e-parent\" data-id=\"aab4c95\" data-element_type=\"container\" data-e-type=\"container\">\n\t\t\t\t\t<div class=\"e-con-inner\">\n\t\t\t\t<div class=\"elementor-element elementor-element-5d29762 elementor-widget elementor-widget-html\" data-id=\"5d29762\" data-element_type=\"widget\" data-e-type=\"widget\" data-widget_type=\"html.default\">\n\t\t\t\t\t<div class=\"itrk-legaltext\" data-itrk-legaltext-url=\"https:\/\/itrk.legal\/PHL.0.Jqu-iframe.html\"><\/div>\r\n<script src=\"https:\/\/www.it-recht-kanzlei.de\/js\/itrk-legaltext.js\"><\/script>\t\t\t\t<\/div>\n\t\t\t\t\t<\/div>\n\t\t\t\t<\/div>\n\t\t\t\t<\/div>\n\t\t","protected":false},"excerpt":{"rendered":"","protected":false},"author":1,"featured_media":0,"parent":0,"menu_order":0,"comment_status":"closed","ping_status":"closed","template":"","meta":{"footnotes":""},"class_list":["post-8172","page","type-page","status-publish","hentry"],"yoast_head":"<!-- This site is optimized with the Yoast SEO plugin v27.4 - https:\/\/yoast.com\/product\/yoast-seo-wordpress\/ -->\n<title>Legal Notice - Oktakon GmbH<\/title>\n<meta name=\"robots\" content=\"index, follow, max-snippet:-1, max-image-preview:large, max-video-preview:-1\" \/>\n<link rel=\"canonical\" href=\"https:\/\/oktakon.de\/en\/legal-notice\/\" \/>\n<script type=\"application\/ld+json\" class=\"yoast-schema-graph\">{\"@context\":\"https:\\\/\\\/schema.org\",\"@graph\":[{\"@type\":\"WebPage\",\"@id\":\"https:\\\/\\\/oktakon.de\\\/en\\\/legal-notice\\\/\",\"url\":\"https:\\\/\\\/oktakon.de\\\/en\\\/legal-notice\\\/\",\"name\":\"Legal Notice - Oktakon GmbH\",\"isPartOf\":{\"@id\":\"https:\\\/\\\/oktakon.de\\\/#website\"},\"datePublished\":\"2025-07-20T21:29:48+00:00\",\"dateModified\":\"2025-09-01T12:08:02+00:00\",\"breadcrumb\":{\"@id\":\"https:\\\/\\\/oktakon.de\\\/en\\\/legal-notice\\\/#breadcrumb\"},\"inLanguage\":\"en-US\",\"potentialAction\":[{\"@type\":\"ReadAction\",\"target\":[\"https:\\\/\\\/oktakon.de\\\/en\\\/legal-notice\\\/\"]}]},{\"@type\":\"BreadcrumbList\",\"@id\":\"https:\\\/\\\/oktakon.de\\\/en\\\/legal-notice\\\/#breadcrumb\",\"itemListElement\":[{\"@type\":\"ListItem\",\"position\":1,\"name\":\"Startseite\",\"item\":\"https:\\\/\\\/oktakon.de\\\/\"},{\"@type\":\"ListItem\",\"position\":2,\"name\":\"Legal Notice\"}]},{\"@type\":\"WebSite\",\"@id\":\"https:\\\/\\\/oktakon.de\\\/#website\",\"url\":\"https:\\\/\\\/oktakon.de\\\/\",\"name\":\"Oktakon - Aluminium Laptoph\u00fcllen: Premium-Qualit\u00e4t f\u00fcr dein MacBook\",\"description\":\"Aluminium Laptoph\u00fcllen: Premium-Qualit\u00e4t f\u00fcr dein MacBook\",\"publisher\":{\"@id\":\"https:\\\/\\\/oktakon.de\\\/#organization\"},\"potentialAction\":[{\"@type\":\"SearchAction\",\"target\":{\"@type\":\"EntryPoint\",\"urlTemplate\":\"https:\\\/\\\/oktakon.de\\\/?s={search_term_string}\"},\"query-input\":{\"@type\":\"PropertyValueSpecification\",\"valueRequired\":true,\"valueName\":\"search_term_string\"}}],\"inLanguage\":\"en-US\"},{\"@type\":\"Organization\",\"@id\":\"https:\\\/\\\/oktakon.de\\\/#organization\",\"name\":\"Oktakon GmbH\",\"url\":\"https:\\\/\\\/oktakon.de\\\/\",\"logo\":{\"@type\":\"ImageObject\",\"inLanguage\":\"en-US\",\"@id\":\"https:\\\/\\\/oktakon.de\\\/#\\\/schema\\\/logo\\\/image\\\/\",\"url\":\"https:\\\/\\\/oktakon.de\\\/wp-content\\\/uploads\\\/2025\\\/04\\\/logo.png\",\"contentUrl\":\"https:\\\/\\\/oktakon.de\\\/wp-content\\\/uploads\\\/2025\\\/04\\\/logo.png\",\"width\":946,\"height\":167,\"caption\":\"Oktakon GmbH\"},\"image\":{\"@id\":\"https:\\\/\\\/oktakon.de\\\/#\\\/schema\\\/logo\\\/image\\\/\"},\"sameAs\":[\"https:\\\/\\\/www.facebook.com\\\/people\\\/Oktakon-GmbH\\\/61560806767539\\\/\",\"https:\\\/\\\/www.youtube.com\\\/@oktakon-gmbh\",\"https:\\\/\\\/www.tiktok.com\\\/@oktakon.hardcases\"]}]}<\/script>\n<!-- \/ Yoast SEO plugin. -->","yoast_head_json":{"title":"Legal Notice - Oktakon GmbH","robots":{"index":"index","follow":"follow","max-snippet":"max-snippet:-1","max-image-preview":"max-image-preview:large","max-video-preview":"max-video-preview:-1"},"canonical":"https:\/\/oktakon.de\/en\/legal-notice\/","schema":{"@context":"https:\/\/schema.org","@graph":[{"@type":"WebPage","@id":"https:\/\/oktakon.de\/en\/legal-notice\/","url":"https:\/\/oktakon.de\/en\/legal-notice\/","name":"Legal Notice - Oktakon GmbH","isPartOf":{"@id":"https:\/\/oktakon.de\/#website"},"datePublished":"2025-07-20T21:29:48+00:00","dateModified":"2025-09-01T12:08:02+00:00","breadcrumb":{"@id":"https:\/\/oktakon.de\/en\/legal-notice\/#breadcrumb"},"inLanguage":"en-US","potentialAction":[{"@type":"ReadAction","target":["https:\/\/oktakon.de\/en\/legal-notice\/"]}]},{"@type":"BreadcrumbList","@id":"https:\/\/oktakon.de\/en\/legal-notice\/#breadcrumb","itemListElement":[{"@type":"ListItem","position":1,"name":"Startseite","item":"https:\/\/oktakon.de\/"},{"@type":"ListItem","position":2,"name":"Legal Notice"}]},{"@type":"WebSite","@id":"https:\/\/oktakon.de\/#website","url":"https:\/\/oktakon.de\/","name":"Oktakon - Aluminium Laptoph\u00fcllen: Premium-Qualit\u00e4t f\u00fcr dein MacBook","description":"Aluminium Laptoph\u00fcllen: Premium-Qualit\u00e4t f\u00fcr dein MacBook","publisher":{"@id":"https:\/\/oktakon.de\/#organization"},"potentialAction":[{"@type":"SearchAction","target":{"@type":"EntryPoint","urlTemplate":"https:\/\/oktakon.de\/?s={search_term_string}"},"query-input":{"@type":"PropertyValueSpecification","valueRequired":true,"valueName":"search_term_string"}}],"inLanguage":"en-US"},{"@type":"Organization","@id":"https:\/\/oktakon.de\/#organization","name":"Oktakon GmbH","url":"https:\/\/oktakon.de\/","logo":{"@type":"ImageObject","inLanguage":"en-US","@id":"https:\/\/oktakon.de\/#\/schema\/logo\/image\/","url":"https:\/\/oktakon.de\/wp-content\/uploads\/2025\/04\/logo.png","contentUrl":"https:\/\/oktakon.de\/wp-content\/uploads\/2025\/04\/logo.png","width":946,"height":167,"caption":"Oktakon GmbH"},"image":{"@id":"https:\/\/oktakon.de\/#\/schema\/logo\/image\/"},"sameAs":["https:\/\/www.facebook.com\/people\/Oktakon-GmbH\/61560806767539\/","https:\/\/www.youtube.com\/@oktakon-gmbh","https:\/\/www.tiktok.com\/@oktakon.hardcases"]}]}},"_links":{"self":[{"href":"https:\/\/oktakon.de\/en\/wp-json\/wp\/v2\/pages\/8172","targetHints":{"allow":["GET"]}}],"collection":[{"href":"https:\/\/oktakon.de\/en\/wp-json\/wp\/v2\/pages"}],"about":[{"href":"https:\/\/oktakon.de\/en\/wp-json\/wp\/v2\/types\/page"}],"author":[{"embeddable":true,"href":"https:\/\/oktakon.de\/en\/wp-json\/wp\/v2\/users\/1"}],"replies":[{"embeddable":true,"href":"https:\/\/oktakon.de\/en\/wp-json\/wp\/v2\/comments?post=8172"}],"version-history":[{"count":1,"href":"https:\/\/oktakon.de\/en\/wp-json\/wp\/v2\/pages\/8172\/revisions"}],"predecessor-version":[{"id":8173,"href":"https:\/\/oktakon.de\/en\/wp-json\/wp\/v2\/pages\/8172\/revisions\/8173"}],"wp:attachment":[{"href":"https:\/\/oktakon.de\/en\/wp-json\/wp\/v2\/media?parent=8172"}],"curies":[{"name":"wp","href":"https:\/\/api.w.org\/{rel}","templated":true}]}}