{"id":8129,"date":"2025-07-11T06:49:29","date_gmt":"2025-07-11T04:49:29","guid":{"rendered":"https:\/\/oktakon.info\/contact-us\/"},"modified":"2025-12-02T21:44:22","modified_gmt":"2025-12-02T20:44:22","slug":"contact-us","status":"publish","type":"page","link":"https:\/\/oktakon.de\/en\/contact-us\/","title":{"rendered":"CONTACT US"},"content":{"rendered":"\t\t<div data-elementor-type=\"wp-page\" data-elementor-id=\"8129\" class=\"elementor elementor-8129 elementor-6092\" data-elementor-post-type=\"page\">\n\t\t\t\t<div class=\"elementor-element elementor-element-8d6fade e-flex e-con-boxed e-con e-parent\" data-id=\"8d6fade\" data-element_type=\"container\" data-e-type=\"container\" data-settings=\"{&quot;background_background&quot;:&quot;classic&quot;}\">\n\t\t\t\t\t<div class=\"e-con-inner\">\n\t\t\t\t\t<\/div>\n\t\t\t\t<\/div>\n\t\t<div class=\"elementor-element elementor-element-f838eb0 e-flex e-con-boxed elementor-invisible e-con e-parent\" data-id=\"f838eb0\" data-element_type=\"container\" data-e-type=\"container\" data-settings=\"{&quot;animation&quot;:&quot;fadeIn&quot;,&quot;animation_delay&quot;:300}\">\n\t\t\t\t\t<div class=\"e-con-inner\">\n\t\t<div class=\"elementor-element elementor-element-ebc3a10 e-con-full e-flex e-con e-child\" data-id=\"ebc3a10\" data-element_type=\"container\" data-e-type=\"container\" data-settings=\"{&quot;background_background&quot;:&quot;classic&quot;}\">\n\t\t<div class=\"elementor-element elementor-element-95fbd3c e-con-full e-flex e-con e-child\" data-id=\"95fbd3c\" data-element_type=\"container\" data-e-type=\"container\">\n\t\t<div class=\"elementor-element elementor-element-74b44f4 e-con-full e-flex e-con e-child\" data-id=\"74b44f4\" data-element_type=\"container\" data-e-type=\"container\">\n\t\t\t\t<div class=\"elementor-element elementor-element-f61bcdf elementor-widget elementor-widget-image\" data-id=\"f61bcdf\" data-element_type=\"widget\" data-e-type=\"widget\" data-widget_type=\"image.default\">\n\t\t\t\t\t\t\t\t\t\t\t\t\t\t\t<img fetchpriority=\"high\" decoding=\"async\" width=\"300\" height=\"300\" src=\"https:\/\/oktakon.de\/wp-content\/uploads\/2025\/08\/SupportIcon.webp\" class=\"attachment-large size-large wp-image-8127\" alt=\"Support+Icon\" srcset=\"https:\/\/oktakon.de\/wp-content\/uploads\/2025\/08\/SupportIcon.webp 300w, https:\/\/oktakon.de\/wp-content\/uploads\/2025\/08\/SupportIcon-150x150.webp 150w, https:\/\/oktakon.de\/wp-content\/uploads\/2025\/08\/SupportIcon-100x100.webp 100w\" sizes=\"(max-width: 300px) 100vw, 300px\" \/>\t\t\t\t\t\t\t\t\t\t\t\t\t\t\t<\/div>\n\t\t\t\t<\/div>\n\t\t<div class=\"elementor-element elementor-element-b46eead e-con-full e-flex e-con e-child\" data-id=\"b46eead\" data-element_type=\"container\" data-e-type=\"container\">\n\t\t\t\t<div class=\"elementor-element elementor-element-5bce836 elementor-widget elementor-widget-heading\" data-id=\"5bce836\" data-element_type=\"widget\" data-e-type=\"widget\" data-widget_type=\"heading.default\">\n\t\t\t\t\t<h1 class=\"elementor-heading-title elementor-size-default\">Do you have any questions?\n<\/h1>\t\t\t\t<\/div>\n\t\t\t\t<\/div>\n\t\t\t\t<\/div>\n\t\t<div class=\"elementor-element elementor-element-bc57bd2 e-con-full e-flex e-con e-child\" data-id=\"bc57bd2\" data-element_type=\"container\" data-e-type=\"container\">\n\t\t\t\t<div class=\"elementor-element elementor-element-a2b2fc6 elementor-widget elementor-widget-text-editor\" data-id=\"a2b2fc6\" data-element_type=\"widget\" data-e-type=\"widget\" data-widget_type=\"text-editor.default\">\n\t\t\t\t\t\t\t\t\tPlease contact us using the form and we will respond within 24 hours.\t\t\t\t\t\t\t\t<\/div>\n\t\t\t\t<div class=\"elementor-element elementor-element-3b232fb elementor-button-align-stretch elementor-widget elementor-widget-form\" data-id=\"3b232fb\" data-element_type=\"widget\" data-e-type=\"widget\" data-settings=\"{&quot;step_next_label&quot;:&quot;Next&quot;,&quot;step_previous_label&quot;:&quot;Back&quot;,&quot;button_width&quot;:&quot;100&quot;,&quot;step_type&quot;:&quot;number_text&quot;,&quot;step_icon_shape&quot;:&quot;circle&quot;}\" data-widget_type=\"form.default\">\n\t\t\t\t\t\t\t<form class=\"elementor-form\" method=\"post\" name=\"New formular\" aria-label=\"New formular\">\n\t\t\t<input type=\"hidden\" name=\"post_id\" value=\"8129\"\/>\n\t\t\t<input type=\"hidden\" name=\"form_id\" value=\"3b232fb\"\/>\n\t\t\t<input type=\"hidden\" name=\"referer_title\" value=\"Aluminium-Laptoph\u00fcllen: Premium-Qualit\u00e4t f\u00fcr Ihr MacBook\" \/>\n\n\t\t\t\t\t\t\t<input type=\"hidden\" name=\"queried_id\" value=\"8129\"\/>\n\t\t\t\n\t\t\t<div class=\"elementor-form-fields-wrapper elementor-labels-above\">\n\t\t\t\t\t\t\t\t<div class=\"elementor-field-type-text elementor-field-group elementor-column elementor-field-group-name elementor-col-100\">\n\t\t\t\t\t\t\t\t\t\t\t\t<label for=\"form-field-name\" class=\"elementor-field-label\">\n\t\t\t\t\t\t\t\tName\t\t\t\t\t\t\t<\/label>\n\t\t\t\t\t\t\t\t\t\t\t\t\t\t<input size=\"1\" type=\"text\" name=\"form_fields[name]\" id=\"form-field-name\" class=\"elementor-field elementor-size-sm  elementor-field-textual\" placeholder=\"Name\">\n\t\t\t\t\t\t\t\t\t\t\t<\/div>\n\t\t\t\t\t\t\t\t<div class=\"elementor-field-type-email elementor-field-group elementor-column elementor-field-group-email elementor-col-100 elementor-field-required\">\n\t\t\t\t\t\t\t\t\t\t\t\t<label for=\"form-field-email\" class=\"elementor-field-label\">\n\t\t\t\t\t\t\t\tE-Mail\t\t\t\t\t\t\t<\/label>\n\t\t\t\t\t\t\t\t\t\t\t\t\t\t<input size=\"1\" type=\"email\" name=\"form_fields[email]\" id=\"form-field-email\" class=\"elementor-field elementor-size-sm  elementor-field-textual\" placeholder=\"E-Mail\" required=\"required\">\n\t\t\t\t\t\t\t\t\t\t\t<\/div>\n\t\t\t\t\t\t\t\t<div class=\"elementor-field-type-textarea elementor-field-group elementor-column elementor-field-group-message elementor-col-100\">\n\t\t\t\t\t\t\t\t\t\t\t\t<label for=\"form-field-message\" class=\"elementor-field-label\">\n\t\t\t\t\t\t\t\tMessage\t\t\t\t\t\t\t<\/label>\n\t\t\t\t\t\t<textarea class=\"elementor-field-textual elementor-field  elementor-size-sm\" name=\"form_fields[message]\" id=\"form-field-message\" rows=\"4\" placeholder=\"Message\"><\/textarea>\t\t\t\t<\/div>\n\t\t\t\t\t\t\t\t<div class=\"elementor-field-type-acceptance elementor-field-group elementor-column elementor-field-group-field_14a5db6 elementor-col-100 elementor-field-required\">\n\t\t\t\t\t\t\t<div class=\"elementor-field-subgroup\">\n\t\t\t<span class=\"elementor-field-option\">\n\t\t\t\t<input type=\"checkbox\" name=\"form_fields[field_14a5db6]\" id=\"form-field-field_14a5db6\" class=\"elementor-field elementor-size-sm  elementor-acceptance-field\" required=\"required\">\n\t\t\t\t<label for=\"form-field-field_14a5db6\">I have read the <a href=\"https:\/\/oktakon.de\/en\/data-protection\/\" target=\"_blank\" rel=\"noopener noreferrer\">privacy policy<\/a> and consent to the processing of my data for the purpose of handling my request.<\/label>\t\t\t<\/span>\n\t\t<\/div>\n\t\t\t\t\t\t<\/div>\n\t\t\t\t\t\t\t\t<div class=\"elementor-field-type-recaptcha_v3 elementor-field-group elementor-column elementor-field-group-field_ad38145 elementor-col-100 recaptcha_v3-bottomright\">\n\t\t\t\t\t<div class=\"elementor-field\" id=\"form-field-field_ad38145\"><div class=\"elementor-g-recaptcha\" data-sitekey=\"6LeJQh8sAAAAAMxuUrNFR9KYsL8Zcm8VDMpI_shD\" data-type=\"v3\" data-action=\"Form\" data-badge=\"bottomright\" data-size=\"invisible\"><\/div><\/div>\t\t\t\t<\/div>\n\t\t\t\t\t\t\t\t<div class=\"elementor-field-group elementor-column elementor-field-type-submit elementor-col-100 e-form__buttons\">\n\t\t\t\t\t<button class=\"elementor-button elementor-size-sm\" type=\"submit\">\n\t\t\t\t\t\t<span class=\"elementor-button-content-wrapper\">\n\t\t\t\t\t\t\t\t\t\t\t\t\t\t\t\t\t\t\t\t\t\t<span class=\"elementor-button-text\">Send<\/span>\n\t\t\t\t\t\t\t\t\t\t\t\t\t<\/span>\n\t\t\t\t\t<\/button>\n\t\t\t\t<\/div>\n\t\t\t<\/div>\n\t\t<\/form>\n\t\t\t\t\t\t<\/div>\n\t\t\t\t<div class=\"elementor-element elementor-element-3a13989 elementor-widget elementor-widget-text-editor\" data-id=\"3a13989\" data-element_type=\"widget\" data-e-type=\"widget\" data-widget_type=\"text-editor.default\">\n\t\t\t\t\t\t\t\t\t<p>Or feel free to contact us directly at <strong><a href=\"mailto:support@oktakon.de\">support@oktakon.de<\/a><\/strong><\/p>\t\t\t\t\t\t\t\t<\/div>\n\t\t\t\t<\/div>\n\t\t\t\t<\/div>\n\t\t<div class=\"elementor-element elementor-element-9adaf97 e-con-full e-flex e-con e-child\" data-id=\"9adaf97\" data-element_type=\"container\" data-e-type=\"container\">\n\t\t\t\t<div class=\"elementor-element elementor-element-8831fd8 elementor-widget elementor-widget-image\" data-id=\"8831fd8\" data-element_type=\"widget\" data-e-type=\"widget\" data-widget_type=\"image.default\">\n\t\t\t\t\t\t\t\t\t\t\t\t\t\t\t<img decoding=\"async\" width=\"800\" height=\"818\" src=\"https:\/\/oktakon.de\/wp-content\/uploads\/2025\/04\/Laptopcase-14-1001x1024.webp\" class=\"attachment-large size-large wp-image-8894\" alt=\"\" srcset=\"https:\/\/oktakon.de\/wp-content\/uploads\/2025\/04\/Laptopcase-14-1001x1024.webp 1001w, https:\/\/oktakon.de\/wp-content\/uploads\/2025\/04\/Laptopcase-14-293x300.webp 293w, https:\/\/oktakon.de\/wp-content\/uploads\/2025\/04\/Laptopcase-14-768x786.webp 768w, https:\/\/oktakon.de\/wp-content\/uploads\/2025\/04\/Laptopcase-14-1501x1536.webp 1501w, https:\/\/oktakon.de\/wp-content\/uploads\/2025\/04\/Laptopcase-14-2002x2048.webp 2002w, https:\/\/oktakon.de\/wp-content\/uploads\/2025\/04\/Laptopcase-14-600x614.webp 600w\" sizes=\"(max-width: 800px) 100vw, 800px\" \/>\t\t\t\t\t\t\t\t\t\t\t\t\t\t\t<\/div>\n\t\t\t\t<div class=\"elementor-element elementor-element-23f1601 elementor-widget elementor-widget-menu-anchor\" data-id=\"23f1601\" data-element_type=\"widget\" data-e-type=\"widget\" data-widget_type=\"menu-anchor.default\">\n\t\t\t\t\t\t\t<div class=\"elementor-menu-anchor\" id=\"newsletter\"><\/div>\n\t\t\t\t\t\t<\/div>\n\t\t\t\t<\/div>\n\t\t\t\t\t<\/div>\n\t\t\t\t<\/div>\n\t\t<div class=\"elementor-element elementor-element-0cc7126 e-flex e-con-boxed elementor-invisible e-con e-parent\" data-id=\"0cc7126\" data-element_type=\"container\" data-e-type=\"container\" data-settings=\"{&quot;animation&quot;:&quot;fadeIn&quot;,&quot;animation_delay&quot;:300}\">\n\t\t\t\t\t<div class=\"e-con-inner\">\n\t\t<div class=\"elementor-element elementor-element-7e0f10b e-con-full e-flex e-con e-child\" data-id=\"7e0f10b\" data-element_type=\"container\" data-e-type=\"container\">\n\t\t<div class=\"elementor-element elementor-element-a8d5a06 e-con-full e-flex e-con e-child\" data-id=\"a8d5a06\" data-element_type=\"container\" data-e-type=\"container\">\n\t\t\t\t<div class=\"elementor-element elementor-element-6a7a815 elementor-widget elementor-widget-heading\" data-id=\"6a7a815\" data-element_type=\"widget\" data-e-type=\"widget\" data-widget_type=\"heading.default\">\n\t\t\t\t\t<h2 class=\"elementor-heading-title elementor-size-default\">Subscribe to our newsletter now and save 10%\n<\/h2>\t\t\t\t<\/div>\n\t\t\t\t<\/div>\n\t\t<div class=\"elementor-element elementor-element-d327e17 e-con-full e-flex e-con e-child\" data-id=\"d327e17\" data-element_type=\"container\" data-e-type=\"container\">\n\t\t\t\t<div class=\"elementor-element elementor-element-f6cb0c6 elementor-widget elementor-widget-image\" data-id=\"f6cb0c6\" data-element_type=\"widget\" data-e-type=\"widget\" data-widget_type=\"image.default\">\n\t\t\t\t\t\t\t\t\t\t\t\t\t\t\t<img decoding=\"async\" width=\"300\" height=\"300\" src=\"https:\/\/oktakon.de\/wp-content\/uploads\/2025\/08\/sale-tag.webp\" class=\"attachment-large size-large wp-image-8128\" alt=\"\" srcset=\"https:\/\/oktakon.de\/wp-content\/uploads\/2025\/08\/sale-tag.webp 300w, https:\/\/oktakon.de\/wp-content\/uploads\/2025\/08\/sale-tag-150x150.webp 150w, https:\/\/oktakon.de\/wp-content\/uploads\/2025\/08\/sale-tag-100x100.webp 100w\" sizes=\"(max-width: 300px) 100vw, 300px\" \/>\t\t\t\t\t\t\t\t\t\t\t\t\t\t\t<\/div>\n\t\t\t\t<\/div>\n\t\t\t\t<\/div>\n\t\t<div class=\"elementor-element elementor-element-05707ca e-con-full e-flex e-con e-child\" data-id=\"05707ca\" data-element_type=\"container\" data-e-type=\"container\">\n\t\t<div class=\"elementor-element elementor-element-da475e6 e-con-full e-flex e-con e-child\" data-id=\"da475e6\" data-element_type=\"container\" data-e-type=\"container\">\n\t\t<div class=\"elementor-element elementor-element-be7027a e-con-full e-flex e-con e-child\" data-id=\"be7027a\" data-element_type=\"container\" data-e-type=\"container\">\n\t\t\t\t<div class=\"elementor-element elementor-element-599b4d8 elementor-widget__width-initial elementor-widget elementor-widget-html\" data-id=\"599b4d8\" data-element_type=\"widget\" data-e-type=\"widget\" data-widget_type=\"html.default\">\n\t\t\t\t\t<form method=\"post\" action=\"https:\/\/flow.cleverreach.com\/fl\/4dbd7326-0b71-48d8-92f8-c686abcbd0cf\/confirm\" target=\"_blank\">\r\n  <input type=\"text\" tabindex=\"-1\" autocomplete=\"false\" style=\"display:none !important;\" class=\"cr-nope\" name=\"email_confirm\">\r\n\r\n  <!-- Eingabe + Button -->\r\n  <div class=\"cr-web-wrapper bgcolor-1\">\r\n    <div class=\"cr-web-row bgcolor-2\" style=\"padding:10px 20px;\">\r\n      <div class=\"cr-text color-2\">\r\n        <div class=\"cr-web-form form-row\">\r\n          <input type=\"email\" placeholder=\"E-Mail\" name=\"email\" required=\"\" class=\"input-field\">\r\n          <button type=\"submit\" class=\"submit-btn\">Sign in<\/button>\r\n        <\/div>\r\n      <\/div>\r\n    <\/div>\r\n  <\/div>\r\n\r\n  <!-- Checkbox + Datenschutz -->\r\n  <div class=\"cr-web-wrapper bgcolor-1\">\r\n    <div class=\"cr-web-row bgcolor-2\" style=\"padding:10px 20px;\">\r\n      <div class=\"cr-web-form\">\r\n        <div class=\"cr-consent-wrapper\">\r\n          <input type=\"checkbox\" name=\"tags[]\" value=\"accept\" required=\"\">\r\n          <label class=\"cr-consent-required\">\r\n I have read the privacy policy and consent to the processing of my data for the purpose of handling my request.\r\n          <\/label>\r\n        <\/div>\r\n      <\/div>\r\n    <\/div>\r\n  <\/div>\r\n<\/form>\r\n\r\n<style>\r\n\/* Layout: Input + Button nebeneinander *\/\r\n.form-row{\r\n  display:flex;\r\n  gap:10px;\r\n  align-items:center;\r\n}\r\n\r\n\/* Input: 50px hoch, keine Rundung *\/\r\n.cr-web-form .input-field{\r\n  width:70%;\r\n  height:50px;\r\n  box-sizing:border-box;\r\n  padding:0 12px !important;\r\n  border:1px solid #000 !important;\r\n  border-radius:0 !important;\r\n  outline:none;\r\n}\r\n\r\n\/* Button: 50px hoch, wei\u00df, 3px schwarzer Rand, keine Rundung *\/\r\n.cr-web-form .submit-btn{\r\n  width:30%;\r\n  height:50px;\r\n  box-sizing:border-box;\r\n  display:inline-flex;\r\n  align-items:center;\r\n  justify-content:center;\r\n  background:#fff !important;\r\n  color:#000 !important;\r\n  border:3px solid #000 !important;\r\n  border-radius:0 !important;\r\n  font-weight:700;\r\n  padding:0 20px !important;\r\n  cursor:pointer;\r\n  line-height:1;\r\n}\r\n\r\n\/* Hover-Effekt: invertieren *\/\r\n.cr-web-form .submit-btn:hover{\r\n  background:#000 !important;\r\n  color:#fff !important;\r\n}\r\n\r\n\/* Checkbox + Text in einer Zeile, Checkbox an der ersten Textzeile ausgerichtet *\/\r\n.cr-consent-wrapper{\r\n  display:flex;\r\n  align-items:flex-start;\r\n  gap:8px;\r\n}\r\n.cr-consent-wrapper input[type=\"checkbox\"]{\r\n  width:16px;\r\n  height:16px;\r\n  margin-top:2px; \/* an erste Zeile angeglichen *\/\r\n}\r\n\r\n\/* Mobile: Input & Button untereinander, volle Breite *\/\r\n@media (max-width:768px){\r\n  .form-row{ flex-direction:column; }\r\n  .cr-web-form .input-field,\r\n  .cr-web-form .submit-btn{ width:100%; }\r\n}\r\n<\/style>\r\n\t\t\t\t<\/div>\n\t\t\t\t<\/div>\n\t\t\t\t<\/div>\n\t\t\t\t<\/div>\n\t\t\t\t\t<\/div>\n\t\t\t\t<\/div>\n\t\t\t\t<\/div>\n\t\t","protected":false},"excerpt":{"rendered":"<p>Do you have any questions? Please contact us using the form and we will respond within 24 hours. Or feel free to contact us directly at support@oktakon.de Subscribe to our newsletter now and save 10% Sign in I have read the privacy policy and consent to the processing of my data for the purpose of [&hellip;]<\/p>\n","protected":false},"author":1,"featured_media":0,"parent":0,"menu_order":0,"comment_status":"closed","ping_status":"closed","template":"","meta":{"footnotes":""},"class_list":["post-8129","page","type-page","status-publish","hentry"],"yoast_head":"<!-- This site is optimized with the Yoast SEO plugin v27.4 - https:\/\/yoast.com\/product\/yoast-seo-wordpress\/ -->\n<title>Aluminium-Laptoph\u00fcllen: Premium-Qualit\u00e4t f\u00fcr Ihr MacBook<\/title>\n<meta name=\"description\" content=\"Stylish laptop bags: Perfect protection for your MacBook Pro and MacBook Air. Aluminum laptop bags with custom padding.\" \/>\n<meta name=\"robots\" content=\"index, follow, max-snippet:-1, max-image-preview:large, max-video-preview:-1\" \/>\n<link rel=\"canonical\" href=\"https:\/\/oktakon.de\/en\/contact-us\/\" \/>\n<script type=\"application\/ld+json\" class=\"yoast-schema-graph\">{\"@context\":\"https:\\\/\\\/schema.org\",\"@graph\":[{\"@type\":\"WebPage\",\"@id\":\"https:\\\/\\\/oktakon.de\\\/en\\\/contact-us\\\/\",\"url\":\"https:\\\/\\\/oktakon.de\\\/en\\\/contact-us\\\/\",\"name\":\"Aluminium-Laptoph\u00fcllen: Premium-Qualit\u00e4t f\u00fcr Ihr MacBook\",\"isPartOf\":{\"@id\":\"https:\\\/\\\/oktakon.de\\\/#website\"},\"primaryImageOfPage\":{\"@id\":\"https:\\\/\\\/oktakon.de\\\/en\\\/contact-us\\\/#primaryimage\"},\"image\":{\"@id\":\"https:\\\/\\\/oktakon.de\\\/en\\\/contact-us\\\/#primaryimage\"},\"thumbnailUrl\":\"https:\\\/\\\/oktakon.de\\\/wp-content\\\/uploads\\\/2025\\\/08\\\/SupportIcon.webp\",\"datePublished\":\"2025-07-11T04:49:29+00:00\",\"dateModified\":\"2025-12-02T20:44:22+00:00\",\"description\":\"Stylish laptop bags: Perfect protection for your MacBook Pro and MacBook Air. Aluminum laptop bags with custom padding.\",\"breadcrumb\":{\"@id\":\"https:\\\/\\\/oktakon.de\\\/en\\\/contact-us\\\/#breadcrumb\"},\"inLanguage\":\"en-US\",\"potentialAction\":[{\"@type\":\"ReadAction\",\"target\":[\"https:\\\/\\\/oktakon.de\\\/en\\\/contact-us\\\/\"]}]},{\"@type\":\"ImageObject\",\"inLanguage\":\"en-US\",\"@id\":\"https:\\\/\\\/oktakon.de\\\/en\\\/contact-us\\\/#primaryimage\",\"url\":\"https:\\\/\\\/oktakon.de\\\/wp-content\\\/uploads\\\/2025\\\/08\\\/SupportIcon.webp\",\"contentUrl\":\"https:\\\/\\\/oktakon.de\\\/wp-content\\\/uploads\\\/2025\\\/08\\\/SupportIcon.webp\"},{\"@type\":\"BreadcrumbList\",\"@id\":\"https:\\\/\\\/oktakon.de\\\/en\\\/contact-us\\\/#breadcrumb\",\"itemListElement\":[{\"@type\":\"ListItem\",\"position\":1,\"name\":\"Startseite\",\"item\":\"https:\\\/\\\/oktakon.de\\\/\"},{\"@type\":\"ListItem\",\"position\":2,\"name\":\"CONTACT US\"}]},{\"@type\":\"WebSite\",\"@id\":\"https:\\\/\\\/oktakon.de\\\/#website\",\"url\":\"https:\\\/\\\/oktakon.de\\\/\",\"name\":\"Oktakon - Aluminium Laptoph\u00fcllen: Premium-Qualit\u00e4t f\u00fcr dein MacBook\",\"description\":\"Aluminium Laptoph\u00fcllen: Premium-Qualit\u00e4t f\u00fcr dein MacBook\",\"publisher\":{\"@id\":\"https:\\\/\\\/oktakon.de\\\/#organization\"},\"potentialAction\":[{\"@type\":\"SearchAction\",\"target\":{\"@type\":\"EntryPoint\",\"urlTemplate\":\"https:\\\/\\\/oktakon.de\\\/?s={search_term_string}\"},\"query-input\":{\"@type\":\"PropertyValueSpecification\",\"valueRequired\":true,\"valueName\":\"search_term_string\"}}],\"inLanguage\":\"en-US\"},{\"@type\":\"Organization\",\"@id\":\"https:\\\/\\\/oktakon.de\\\/#organization\",\"name\":\"Oktakon GmbH\",\"url\":\"https:\\\/\\\/oktakon.de\\\/\",\"logo\":{\"@type\":\"ImageObject\",\"inLanguage\":\"en-US\",\"@id\":\"https:\\\/\\\/oktakon.de\\\/#\\\/schema\\\/logo\\\/image\\\/\",\"url\":\"https:\\\/\\\/oktakon.de\\\/wp-content\\\/uploads\\\/2025\\\/04\\\/logo.png\",\"contentUrl\":\"https:\\\/\\\/oktakon.de\\\/wp-content\\\/uploads\\\/2025\\\/04\\\/logo.png\",\"width\":946,\"height\":167,\"caption\":\"Oktakon GmbH\"},\"image\":{\"@id\":\"https:\\\/\\\/oktakon.de\\\/#\\\/schema\\\/logo\\\/image\\\/\"},\"sameAs\":[\"https:\\\/\\\/www.facebook.com\\\/people\\\/Oktakon-GmbH\\\/61560806767539\\\/\",\"https:\\\/\\\/www.youtube.com\\\/@oktakon-gmbh\",\"https:\\\/\\\/www.tiktok.com\\\/@oktakon.hardcases\"]}]}<\/script>\n<!-- \/ Yoast SEO plugin. -->","yoast_head_json":{"title":"Aluminium-Laptoph\u00fcllen: Premium-Qualit\u00e4t f\u00fcr Ihr MacBook","description":"Stylish laptop bags: Perfect protection for your MacBook Pro and MacBook Air. Aluminum laptop bags with custom padding.","robots":{"index":"index","follow":"follow","max-snippet":"max-snippet:-1","max-image-preview":"max-image-preview:large","max-video-preview":"max-video-preview:-1"},"canonical":"https:\/\/oktakon.de\/en\/contact-us\/","schema":{"@context":"https:\/\/schema.org","@graph":[{"@type":"WebPage","@id":"https:\/\/oktakon.de\/en\/contact-us\/","url":"https:\/\/oktakon.de\/en\/contact-us\/","name":"Aluminium-Laptoph\u00fcllen: Premium-Qualit\u00e4t f\u00fcr Ihr MacBook","isPartOf":{"@id":"https:\/\/oktakon.de\/#website"},"primaryImageOfPage":{"@id":"https:\/\/oktakon.de\/en\/contact-us\/#primaryimage"},"image":{"@id":"https:\/\/oktakon.de\/en\/contact-us\/#primaryimage"},"thumbnailUrl":"https:\/\/oktakon.de\/wp-content\/uploads\/2025\/08\/SupportIcon.webp","datePublished":"2025-07-11T04:49:29+00:00","dateModified":"2025-12-02T20:44:22+00:00","description":"Stylish laptop bags: Perfect protection for your MacBook Pro and MacBook Air. Aluminum laptop bags with custom padding.","breadcrumb":{"@id":"https:\/\/oktakon.de\/en\/contact-us\/#breadcrumb"},"inLanguage":"en-US","potentialAction":[{"@type":"ReadAction","target":["https:\/\/oktakon.de\/en\/contact-us\/"]}]},{"@type":"ImageObject","inLanguage":"en-US","@id":"https:\/\/oktakon.de\/en\/contact-us\/#primaryimage","url":"https:\/\/oktakon.de\/wp-content\/uploads\/2025\/08\/SupportIcon.webp","contentUrl":"https:\/\/oktakon.de\/wp-content\/uploads\/2025\/08\/SupportIcon.webp"},{"@type":"BreadcrumbList","@id":"https:\/\/oktakon.de\/en\/contact-us\/#breadcrumb","itemListElement":[{"@type":"ListItem","position":1,"name":"Startseite","item":"https:\/\/oktakon.de\/"},{"@type":"ListItem","position":2,"name":"CONTACT US"}]},{"@type":"WebSite","@id":"https:\/\/oktakon.de\/#website","url":"https:\/\/oktakon.de\/","name":"Oktakon - Aluminium Laptoph\u00fcllen: Premium-Qualit\u00e4t f\u00fcr dein MacBook","description":"Aluminium Laptoph\u00fcllen: Premium-Qualit\u00e4t f\u00fcr dein MacBook","publisher":{"@id":"https:\/\/oktakon.de\/#organization"},"potentialAction":[{"@type":"SearchAction","target":{"@type":"EntryPoint","urlTemplate":"https:\/\/oktakon.de\/?s={search_term_string}"},"query-input":{"@type":"PropertyValueSpecification","valueRequired":true,"valueName":"search_term_string"}}],"inLanguage":"en-US"},{"@type":"Organization","@id":"https:\/\/oktakon.de\/#organization","name":"Oktakon GmbH","url":"https:\/\/oktakon.de\/","logo":{"@type":"ImageObject","inLanguage":"en-US","@id":"https:\/\/oktakon.de\/#\/schema\/logo\/image\/","url":"https:\/\/oktakon.de\/wp-content\/uploads\/2025\/04\/logo.png","contentUrl":"https:\/\/oktakon.de\/wp-content\/uploads\/2025\/04\/logo.png","width":946,"height":167,"caption":"Oktakon GmbH"},"image":{"@id":"https:\/\/oktakon.de\/#\/schema\/logo\/image\/"},"sameAs":["https:\/\/www.facebook.com\/people\/Oktakon-GmbH\/61560806767539\/","https:\/\/www.youtube.com\/@oktakon-gmbh","https:\/\/www.tiktok.com\/@oktakon.hardcases"]}]}},"_links":{"self":[{"href":"https:\/\/oktakon.de\/en\/wp-json\/wp\/v2\/pages\/8129","targetHints":{"allow":["GET"]}}],"collection":[{"href":"https:\/\/oktakon.de\/en\/wp-json\/wp\/v2\/pages"}],"about":[{"href":"https:\/\/oktakon.de\/en\/wp-json\/wp\/v2\/types\/page"}],"author":[{"embeddable":true,"href":"https:\/\/oktakon.de\/en\/wp-json\/wp\/v2\/users\/1"}],"replies":[{"embeddable":true,"href":"https:\/\/oktakon.de\/en\/wp-json\/wp\/v2\/comments?post=8129"}],"version-history":[{"count":7,"href":"https:\/\/oktakon.de\/en\/wp-json\/wp\/v2\/pages\/8129\/revisions"}],"predecessor-version":[{"id":8923,"href":"https:\/\/oktakon.de\/en\/wp-json\/wp\/v2\/pages\/8129\/revisions\/8923"}],"wp:attachment":[{"href":"https:\/\/oktakon.de\/en\/wp-json\/wp\/v2\/media?parent=8129"}],"curies":[{"name":"wp","href":"https:\/\/api.w.org\/{rel}","templated":true}]}}