{"id":8115,"date":"2025-07-02T14:20:28","date_gmt":"2025-07-02T12:20:28","guid":{"rendered":"https:\/\/oktakon.info\/about-us\/"},"modified":"2025-09-28T15:55:03","modified_gmt":"2025-09-28T13:55:03","slug":"about-us","status":"publish","type":"page","link":"https:\/\/oktakon.de\/en\/about-us\/","title":{"rendered":"ABOUT US"},"content":{"rendered":"\t\t<div data-elementor-type=\"wp-page\" data-elementor-id=\"8115\" class=\"elementor elementor-8115 elementor-5906\" data-elementor-post-type=\"page\">\n\t\t\t\t<div class=\"elementor-element elementor-element-8d6fade e-flex e-con-boxed elementor-invisible e-con e-parent\" data-id=\"8d6fade\" data-element_type=\"container\" data-e-type=\"container\" data-settings=\"{&quot;background_background&quot;:&quot;classic&quot;,&quot;animation&quot;:&quot;fadeIn&quot;,&quot;animation_delay&quot;:300}\">\n\t\t\t\t\t<div class=\"e-con-inner\">\n\t\t\t\t<div class=\"elementor-element elementor-element-a2f1ea0 elementor-widget elementor-widget-heading\" data-id=\"a2f1ea0\" data-element_type=\"widget\" data-e-type=\"widget\" data-widget_type=\"heading.default\">\n\t\t\t\t\t<h1 class=\"elementor-heading-title elementor-size-default\">ABOUT US<\/h1>\t\t\t\t<\/div>\n\t\t\t\t<div class=\"elementor-element elementor-element-8280598 elementor-widget elementor-widget-text-editor\" data-id=\"8280598\" data-element_type=\"widget\" data-e-type=\"widget\" data-widget_type=\"text-editor.default\">\n\t\t\t\t\t\t\t\t\tAt Oktakon, we combine innovation with elegance. Our mission is to redefine MacBook protection with high-quality aluminum hard cases that combine style and durability. \t\t\t\t\t\t\t\t<\/div>\n\t\t\t\t\t<\/div>\n\t\t\t\t<\/div>\n\t\t<div class=\"elementor-element elementor-element-f838eb0 e-flex e-con-boxed elementor-invisible e-con e-parent\" data-id=\"f838eb0\" data-element_type=\"container\" data-e-type=\"container\" data-settings=\"{&quot;animation&quot;:&quot;fadeIn&quot;,&quot;animation_delay&quot;:300}\">\n\t\t\t\t\t<div class=\"e-con-inner\">\n\t\t<div class=\"elementor-element elementor-element-9adaf97 e-con-full e-flex e-con e-child\" data-id=\"9adaf97\" data-element_type=\"container\" data-e-type=\"container\">\n\t\t\t\t<div class=\"elementor-element elementor-element-8831fd8 elementor-widget elementor-widget-image\" data-id=\"8831fd8\" data-element_type=\"widget\" data-e-type=\"widget\" data-widget_type=\"image.default\">\n\t\t\t\t\t\t\t\t\t\t\t\t\t\t\t<img decoding=\"async\" src=\"https:\/\/oktakon.de\/wp-content\/uploads\/2025\/07\/Screenshot-2025-07-02-142916.png\" title=\"\" alt=\"\" loading=\"lazy\" \/>\t\t\t\t\t\t\t\t\t\t\t\t\t\t\t<\/div>\n\t\t\t\t<\/div>\n\t\t\t\t\t<\/div>\n\t\t\t\t<\/div>\n\t\t<div class=\"elementor-element elementor-element-cd742af e-flex e-con-boxed e-con e-parent\" data-id=\"cd742af\" data-element_type=\"container\" data-e-type=\"container\">\n\t\t\t\t\t<div class=\"e-con-inner\">\n\t\t<div class=\"elementor-element elementor-element-3ee548c e-con-full e-flex elementor-invisible e-con e-child\" data-id=\"3ee548c\" data-element_type=\"container\" data-e-type=\"container\" data-settings=\"{&quot;animation&quot;:&quot;fadeIn&quot;,&quot;animation_delay&quot;:300}\">\n\t\t\t\t<div class=\"elementor-element elementor-element-f3e0a2a elementor-widget elementor-widget-heading\" data-id=\"f3e0a2a\" data-element_type=\"widget\" data-e-type=\"widget\" data-widget_type=\"heading.default\">\n\t\t\t\t\t<h4 class=\"elementor-heading-title elementor-size-default\">Quality<\/h4>\t\t\t\t<\/div>\n\t\t\t\t<div class=\"elementor-element elementor-element-9a5d18a elementor-widget elementor-widget-text-editor\" data-id=\"9a5d18a\" data-element_type=\"widget\" data-e-type=\"widget\" data-widget_type=\"text-editor.default\">\n\t\t\t\t\t\t\t\t\tUnwavering standards shape every step of our manufacturing process. From high-quality aluminum to stringent quality controls, our hard cases are built to last. We focus on excellence and guarantee that every product is as robust as it is elegant.  \t\t\t\t\t\t\t\t<\/div>\n\t\t\t\t<\/div>\n\t\t<div class=\"elementor-element elementor-element-b3d9550 e-con-full e-flex elementor-invisible e-con e-child\" data-id=\"b3d9550\" data-element_type=\"container\" data-e-type=\"container\" data-settings=\"{&quot;animation&quot;:&quot;fadeIn&quot;,&quot;animation_delay&quot;:600}\">\n\t\t\t\t<div class=\"elementor-element elementor-element-5a958b8 elementor-widget elementor-widget-heading\" data-id=\"5a958b8\" data-element_type=\"widget\" data-e-type=\"widget\" data-widget_type=\"heading.default\">\n\t\t\t\t\t<h4 class=\"elementor-heading-title elementor-size-default\">Innovation<\/h4>\t\t\t\t<\/div>\n\t\t\t\t<div class=\"elementor-element elementor-element-ac437c8 elementor-widget elementor-widget-text-editor\" data-id=\"ac437c8\" data-element_type=\"widget\" data-e-type=\"widget\" data-widget_type=\"text-editor.default\">\n\t\t\t\t\t\t\t\t\tWe rethink design and offer more than just protection. Our minimalist, zipper-free cases combine functionality with modern aesthetics. Manufactured with the highest precision, luxury and practicality merge into a perfect unit.  \t\t\t\t\t\t\t\t<\/div>\n\t\t\t\t<\/div>\n\t\t<div class=\"elementor-element elementor-element-9f9e8e7 e-con-full e-flex elementor-invisible e-con e-child\" data-id=\"9f9e8e7\" data-element_type=\"container\" data-e-type=\"container\" data-settings=\"{&quot;animation&quot;:&quot;fadeIn&quot;,&quot;animation_delay&quot;:900}\">\n\t\t\t\t<div class=\"elementor-element elementor-element-28fbb91 elementor-widget elementor-widget-heading\" data-id=\"28fbb91\" data-element_type=\"widget\" data-e-type=\"widget\" data-widget_type=\"heading.default\">\n\t\t\t\t\t<h4 class=\"elementor-heading-title elementor-size-default\">Timelessness<\/h4>\t\t\t\t<\/div>\n\t\t\t\t<div class=\"elementor-element elementor-element-4dbf0ff elementor-widget elementor-widget-text-editor\" data-id=\"4dbf0ff\" data-element_type=\"widget\" data-e-type=\"widget\" data-widget_type=\"text-editor.default\">\n\t\t\t\t\t\t\t\t\tOur cases are designed to emphasize the elegance of your MacBook in style. Sleek lines and an elegant, anodized surface give your device a timeless aesthetic. Thanks to our uncompromising design, they will remain modern and stylish for years to come.  \t\t\t\t\t\t\t\t<\/div>\n\t\t\t\t<\/div>\n\t\t\t\t\t<\/div>\n\t\t\t\t<\/div>\n\t\t<div class=\"elementor-element elementor-element-4a5337c8 e-flex e-con-boxed elementor-invisible e-con e-parent\" data-id=\"4a5337c8\" data-element_type=\"container\" data-e-type=\"container\" data-settings=\"{&quot;background_background&quot;:&quot;classic&quot;,&quot;animation&quot;:&quot;fadeIn&quot;,&quot;animation_delay&quot;:300}\">\n\t\t\t\t\t<div class=\"e-con-inner\">\n\t\t<div class=\"elementor-element elementor-element-f3f854e e-con-full e-flex e-con e-child\" data-id=\"f3f854e\" data-element_type=\"container\" data-e-type=\"container\">\n\t\t\t\t<div class=\"elementor-element elementor-element-44d9692 elementor-widget elementor-widget-heading\" data-id=\"44d9692\" data-element_type=\"widget\" data-e-type=\"widget\" data-widget_type=\"heading.default\">\n\t\t\t\t\t<h2 class=\"elementor-heading-title elementor-size-default\">Durable. Timeless. Built to last.  <\/h2>\t\t\t\t<\/div>\n\t\t\t\t<div class=\"elementor-element elementor-element-0ef9c9d elementor-widget elementor-widget-text-editor\" data-id=\"0ef9c9d\" data-element_type=\"widget\" data-e-type=\"widget\" data-widget_type=\"text-editor.default\">\n\t\t\t\t\t\t\t\t\tIn 2024, we launched our first aluminum hard cases on the market &#8211; the result of precise development and perfection. With uncompromising quality and timeless design, they set new standards in laptop protection. \t\t\t\t\t\t\t\t<\/div>\n\t\t\t\t<\/div>\n\t\t<div class=\"elementor-element elementor-element-b7acac1 e-con-full e-flex e-con e-child\" data-id=\"b7acac1\" data-element_type=\"container\" data-e-type=\"container\">\n\t\t\t\t<div class=\"elementor-element elementor-element-3835f9d elementor-widget elementor-widget-text-editor\" data-id=\"3835f9d\" data-element_type=\"widget\" data-e-type=\"widget\" data-widget_type=\"text-editor.default\">\n\t\t\t\t\t\t\t\t\t<p>2024<\/p>\t\t\t\t\t\t\t\t<\/div>\n\t\t\t\t<\/div>\n\t\t\t\t\t<\/div>\n\t\t\t\t<\/div>\n\t\t<div class=\"elementor-element elementor-element-9ef9e95 e-flex e-con-boxed elementor-invisible e-con e-parent\" data-id=\"9ef9e95\" data-element_type=\"container\" data-e-type=\"container\" data-settings=\"{&quot;animation&quot;:&quot;fadeIn&quot;,&quot;animation_delay&quot;:300}\">\n\t\t\t\t\t<div class=\"e-con-inner\">\n\t\t<div class=\"elementor-element elementor-element-11c07d1 e-con-full e-flex e-con e-child\" data-id=\"11c07d1\" data-element_type=\"container\" data-e-type=\"container\" data-settings=\"{&quot;background_background&quot;:&quot;classic&quot;}\">\n\t\t\t\t<div class=\"elementor-element elementor-element-d39e774 elementor-widget-mobile__width-inherit elementor-widget elementor-widget-image\" data-id=\"d39e774\" data-element_type=\"widget\" data-e-type=\"widget\" data-widget_type=\"image.default\">\n\t\t\t\t\t\t\t\t\t\t\t\t\t\t\t<img fetchpriority=\"high\" decoding=\"async\" width=\"800\" height=\"627\" src=\"https:\/\/oktakon.de\/wp-content\/uploads\/2025\/04\/Lapotopsleeve-macbook-13-1-1024x802.webp\" class=\"attachment-large size-large wp-image-7965\" alt=\"\" srcset=\"https:\/\/oktakon.de\/wp-content\/uploads\/2025\/04\/Lapotopsleeve-macbook-13-1-1024x802.webp 1024w, https:\/\/oktakon.de\/wp-content\/uploads\/2025\/04\/Lapotopsleeve-macbook-13-1-300x235.webp 300w, https:\/\/oktakon.de\/wp-content\/uploads\/2025\/04\/Lapotopsleeve-macbook-13-1-768x601.webp 768w, https:\/\/oktakon.de\/wp-content\/uploads\/2025\/04\/Lapotopsleeve-macbook-13-1-1536x1202.webp 1536w, https:\/\/oktakon.de\/wp-content\/uploads\/2025\/04\/Lapotopsleeve-macbook-13-1-2048x1603.webp 2048w, https:\/\/oktakon.de\/wp-content\/uploads\/2025\/04\/Lapotopsleeve-macbook-13-1-600x470.webp 600w\" sizes=\"(max-width: 800px) 100vw, 800px\" \/>\t\t\t\t\t\t\t\t\t\t\t\t\t\t\t<\/div>\n\t\t\t\t<\/div>\n\t\t<div class=\"elementor-element elementor-element-f01904a e-con-full e-flex e-con e-child\" data-id=\"f01904a\" data-element_type=\"container\" data-e-type=\"container\">\n\t\t\t\t<div class=\"elementor-element elementor-element-1d0d970 elementor-widget elementor-widget-heading\" data-id=\"1d0d970\" data-element_type=\"widget\" data-e-type=\"widget\" data-widget_type=\"heading.default\">\n\t\t\t\t\t<h2 class=\"elementor-heading-title elementor-size-default\">The future of protection<\/h2>\t\t\t\t<\/div>\n\t\t\t\t<div class=\"elementor-element elementor-element-84c87b7 elementor-widget elementor-widget-text-editor\" data-id=\"84c87b7\" data-element_type=\"widget\" data-e-type=\"widget\" data-widget_type=\"text-editor.default\">\n\t\t\t\t\t\t\t\t\tOur vision remains clear: we continue to focus on innovation and consistently develop our aluminum hard cases. We enthusiastically explore new projects, integrate advanced features and expand our range for our customers. With Oktakon, protection is not just a necessity &#8211; it becomes a conscious choice for quality and style.  \t\t\t\t\t\t\t\t<\/div>\n\t\t\t\t<\/div>\n\t\t\t\t\t<\/div>\n\t\t\t\t<\/div>\n\t\t<div class=\"elementor-element elementor-element-e1ab94d e-flex e-con-boxed elementor-invisible e-con e-parent\" data-id=\"e1ab94d\" data-element_type=\"container\" data-e-type=\"container\" data-settings=\"{&quot;background_background&quot;:&quot;video&quot;,&quot;animation&quot;:&quot;fadeIn&quot;,&quot;animation_delay&quot;:300,&quot;background_video_link&quot;:&quot;https:\\\/\\\/oktakon.de\\\/wp-content\\\/uploads\\\/2025\\\/07\\\/about-anim.mp4&quot;,&quot;background_play_on_mobile&quot;:&quot;yes&quot;}\">\n\t\t\t\t\t<div class=\"e-con-inner\">\n\t\t<div class=\"elementor-background-video-container\">\n\t\t\t\t\t\t\t<video class=\"elementor-background-video-hosted\" role=\"presentation\" autoplay muted playsinline loop><\/video>\n\t\t\t\t\t<\/div><div class=\"elementor-element elementor-element-177be9f e-con-full e-flex e-con e-child\" data-id=\"177be9f\" data-element_type=\"container\" data-e-type=\"container\">\n\t\t\t\t<div class=\"elementor-element elementor-element-9f72dcd elementor-widget elementor-widget-heading\" data-id=\"9f72dcd\" data-element_type=\"widget\" data-e-type=\"widget\" data-widget_type=\"heading.default\">\n\t\t\t\t\t<h2 class=\"elementor-heading-title elementor-size-default\">BECOME PART OF<br>OKTAKON\u00ae<\/h2>\t\t\t\t<\/div>\n\t\t\t\t<div class=\"elementor-element elementor-element-753517f elementor-widget elementor-widget-text-editor\" data-id=\"753517f\" data-element_type=\"widget\" data-e-type=\"widget\" data-widget_type=\"text-editor.default\">\n\t\t\t\t\t\t\t\t\t<p class=\"GlobalStyles_Text__xs_98\">Sign up for the Oktakon newsletter and stay updated on exclusive discounts.<\/p>\t\t\t\t\t\t\t\t<\/div>\n\t\t<div class=\"elementor-element elementor-element-3613072 e-con-full e-flex e-con e-child\" data-id=\"3613072\" data-element_type=\"container\" data-e-type=\"container\">\n\t\t\t\t<div class=\"elementor-element elementor-element-3454166 elementor-widget elementor-widget-image\" data-id=\"3454166\" data-element_type=\"widget\" data-e-type=\"widget\" data-widget_type=\"image.default\">\n\t\t\t\t\t\t\t\t\t\t\t\t\t\t\t<img decoding=\"async\" src=\"https:\/\/oktakon.de\/wp-content\/uploads\/2025\/07\/youtube-white.svg\" title=\"\" alt=\"\" loading=\"lazy\" \/>\t\t\t\t\t\t\t\t\t\t\t\t\t\t\t<\/div>\n\t\t\t\t<div class=\"elementor-element elementor-element-69e6895 elementor-widget elementor-widget-image\" data-id=\"69e6895\" data-element_type=\"widget\" data-e-type=\"widget\" data-widget_type=\"image.default\">\n\t\t\t\t\t\t\t\t\t\t\t\t\t\t\t<img decoding=\"async\" src=\"https:\/\/oktakon.de\/wp-content\/uploads\/2025\/07\/facebook-white.svg\" title=\"\" alt=\"\" loading=\"lazy\" \/>\t\t\t\t\t\t\t\t\t\t\t\t\t\t\t<\/div>\n\t\t\t\t<div class=\"elementor-element elementor-element-ad5861a elementor-widget elementor-widget-image\" data-id=\"ad5861a\" data-element_type=\"widget\" data-e-type=\"widget\" data-widget_type=\"image.default\">\n\t\t\t\t\t\t\t\t\t\t\t\t\t\t\t<img decoding=\"async\" src=\"https:\/\/oktakon.de\/wp-content\/uploads\/2025\/07\/instagram-white.svg\" title=\"\" alt=\"\" loading=\"lazy\" \/>\t\t\t\t\t\t\t\t\t\t\t\t\t\t\t<\/div>\n\t\t\t\t<div class=\"elementor-element elementor-element-51051a8 elementor-widget elementor-widget-image\" data-id=\"51051a8\" data-element_type=\"widget\" data-e-type=\"widget\" data-widget_type=\"image.default\">\n\t\t\t\t\t\t\t\t\t\t\t\t\t\t\t<img decoding=\"async\" src=\"https:\/\/oktakon.de\/wp-content\/uploads\/2025\/07\/tik-tok-white.svg\" title=\"\" alt=\"\" loading=\"lazy\" \/>\t\t\t\t\t\t\t\t\t\t\t\t\t\t\t<\/div>\n\t\t\t\t<\/div>\n\t\t<div class=\"elementor-element elementor-element-5b7427d e-con-full e-flex e-con e-child\" data-id=\"5b7427d\" data-element_type=\"container\" data-e-type=\"container\">\n\t\t\t\t<div class=\"elementor-element elementor-element-360bcbf elementor-align-left elementor-widget elementor-widget-button\" data-id=\"360bcbf\" data-element_type=\"widget\" data-e-type=\"widget\" data-widget_type=\"button.default\">\n\t\t\t\t\t\t\t\t\t\t<a class=\"elementor-button elementor-button-link elementor-size-sm\" href=\"https:\/\/oktakon.de\/en\/contact-us\/#newsletter\">\n\t\t\t\t\t\t<span class=\"elementor-button-content-wrapper\">\n\t\t\t\t\t\t\t\t\t<span class=\"elementor-button-text\">NEWSLETTER<\/span>\n\t\t\t\t\t<\/span>\n\t\t\t\t\t<\/a>\n\t\t\t\t\t\t\t\t<\/div>\n\t\t\t\t<div class=\"elementor-element elementor-element-78e8610 elementor-widget elementor-widget-button\" data-id=\"78e8610\" data-element_type=\"widget\" data-e-type=\"widget\" data-widget_type=\"button.default\">\n\t\t\t\t\t\t\t\t\t\t<a class=\"elementor-button elementor-button-link elementor-size-sm\" href=\"https:\/\/oktakon.de\/en\/contact-us\/\">\n\t\t\t\t\t\t<span class=\"elementor-button-content-wrapper\">\n\t\t\t\t\t\t\t\t\t<span class=\"elementor-button-text\">CONTACT<\/span>\n\t\t\t\t\t<\/span>\n\t\t\t\t\t<\/a>\n\t\t\t\t\t\t\t\t<\/div>\n\t\t\t\t<\/div>\n\t\t\t\t<\/div>\n\t\t\t\t\t<\/div>\n\t\t\t\t<\/div>\n\t\t\t\t<\/div>\n\t\t","protected":false},"excerpt":{"rendered":"<p>ABOUT US At Oktakon, we combine innovation with elegance. Our mission is to redefine MacBook protection with high-quality aluminum hard cases that combine style and durability. Quality Unwavering standards shape every step of our manufacturing process. From high-quality aluminum to stringent quality controls, our hard cases are built to last. We focus on excellence and [&hellip;]<\/p>\n","protected":false},"author":1,"featured_media":0,"parent":0,"menu_order":0,"comment_status":"closed","ping_status":"closed","template":"","meta":{"footnotes":""},"class_list":["post-8115","page","type-page","status-publish","hentry"],"yoast_head":"<!-- This site is optimized with the Yoast SEO plugin v27.4 - https:\/\/yoast.com\/product\/yoast-seo-wordpress\/ -->\n<title>Oktakon: Aluminum cases and sleeves for MacBooks<\/title>\n<meta name=\"description\" content=\"High-quality aluminum cases for laptops and MacBooks. Custom-fit padding for MacBook 13 Pro, MacBook 14 Pro, MacBook 13 Air.\" \/>\n<meta name=\"robots\" content=\"index, follow, max-snippet:-1, max-image-preview:large, max-video-preview:-1\" \/>\n<link rel=\"canonical\" href=\"https:\/\/oktakon.de\/en\/about-us\/\" \/>\n<script type=\"application\/ld+json\" class=\"yoast-schema-graph\">{\"@context\":\"https:\\\/\\\/schema.org\",\"@graph\":[{\"@type\":\"WebPage\",\"@id\":\"https:\\\/\\\/oktakon.de\\\/en\\\/about-us\\\/\",\"url\":\"https:\\\/\\\/oktakon.de\\\/en\\\/about-us\\\/\",\"name\":\"Oktakon: Aluminum cases and sleeves for MacBooks\",\"isPartOf\":{\"@id\":\"https:\\\/\\\/oktakon.de\\\/#website\"},\"primaryImageOfPage\":{\"@id\":\"https:\\\/\\\/oktakon.de\\\/en\\\/about-us\\\/#primaryimage\"},\"image\":{\"@id\":\"https:\\\/\\\/oktakon.de\\\/en\\\/about-us\\\/#primaryimage\"},\"thumbnailUrl\":\"https:\\\/\\\/oktakon.de\\\/wp-content\\\/uploads\\\/2025\\\/07\\\/Screenshot-2025-07-02-142916-1024x482.png\",\"datePublished\":\"2025-07-02T12:20:28+00:00\",\"dateModified\":\"2025-09-28T13:55:03+00:00\",\"description\":\"High-quality aluminum cases for laptops and MacBooks. Custom-fit padding for MacBook 13 Pro, MacBook 14 Pro, MacBook 13 Air.\",\"breadcrumb\":{\"@id\":\"https:\\\/\\\/oktakon.de\\\/en\\\/about-us\\\/#breadcrumb\"},\"inLanguage\":\"en-US\",\"potentialAction\":[{\"@type\":\"ReadAction\",\"target\":[\"https:\\\/\\\/oktakon.de\\\/en\\\/about-us\\\/\"]}]},{\"@type\":\"ImageObject\",\"inLanguage\":\"en-US\",\"@id\":\"https:\\\/\\\/oktakon.de\\\/en\\\/about-us\\\/#primaryimage\",\"url\":\"https:\\\/\\\/oktakon.de\\\/wp-content\\\/uploads\\\/2025\\\/07\\\/Screenshot-2025-07-02-142916-1024x482.png\",\"contentUrl\":\"https:\\\/\\\/oktakon.de\\\/wp-content\\\/uploads\\\/2025\\\/07\\\/Screenshot-2025-07-02-142916-1024x482.png\"},{\"@type\":\"BreadcrumbList\",\"@id\":\"https:\\\/\\\/oktakon.de\\\/en\\\/about-us\\\/#breadcrumb\",\"itemListElement\":[{\"@type\":\"ListItem\",\"position\":1,\"name\":\"Startseite\",\"item\":\"https:\\\/\\\/oktakon.de\\\/\"},{\"@type\":\"ListItem\",\"position\":2,\"name\":\"ABOUT US\"}]},{\"@type\":\"WebSite\",\"@id\":\"https:\\\/\\\/oktakon.de\\\/#website\",\"url\":\"https:\\\/\\\/oktakon.de\\\/\",\"name\":\"Oktakon - Aluminium Laptoph\u00fcllen: Premium-Qualit\u00e4t f\u00fcr dein MacBook\",\"description\":\"Aluminium Laptoph\u00fcllen: Premium-Qualit\u00e4t f\u00fcr dein MacBook\",\"publisher\":{\"@id\":\"https:\\\/\\\/oktakon.de\\\/#organization\"},\"potentialAction\":[{\"@type\":\"SearchAction\",\"target\":{\"@type\":\"EntryPoint\",\"urlTemplate\":\"https:\\\/\\\/oktakon.de\\\/?s={search_term_string}\"},\"query-input\":{\"@type\":\"PropertyValueSpecification\",\"valueRequired\":true,\"valueName\":\"search_term_string\"}}],\"inLanguage\":\"en-US\"},{\"@type\":\"Organization\",\"@id\":\"https:\\\/\\\/oktakon.de\\\/#organization\",\"name\":\"Oktakon GmbH\",\"url\":\"https:\\\/\\\/oktakon.de\\\/\",\"logo\":{\"@type\":\"ImageObject\",\"inLanguage\":\"en-US\",\"@id\":\"https:\\\/\\\/oktakon.de\\\/#\\\/schema\\\/logo\\\/image\\\/\",\"url\":\"https:\\\/\\\/oktakon.de\\\/wp-content\\\/uploads\\\/2025\\\/04\\\/logo.png\",\"contentUrl\":\"https:\\\/\\\/oktakon.de\\\/wp-content\\\/uploads\\\/2025\\\/04\\\/logo.png\",\"width\":946,\"height\":167,\"caption\":\"Oktakon GmbH\"},\"image\":{\"@id\":\"https:\\\/\\\/oktakon.de\\\/#\\\/schema\\\/logo\\\/image\\\/\"},\"sameAs\":[\"https:\\\/\\\/www.facebook.com\\\/people\\\/Oktakon-GmbH\\\/61560806767539\\\/\",\"https:\\\/\\\/www.youtube.com\\\/@oktakon-gmbh\",\"https:\\\/\\\/www.tiktok.com\\\/@oktakon.hardcases\"]}]}<\/script>\n<!-- \/ Yoast SEO plugin. -->","yoast_head_json":{"title":"Oktakon: Aluminum cases and sleeves for MacBooks","description":"High-quality aluminum cases for laptops and MacBooks. Custom-fit padding for MacBook 13 Pro, MacBook 14 Pro, MacBook 13 Air.","robots":{"index":"index","follow":"follow","max-snippet":"max-snippet:-1","max-image-preview":"max-image-preview:large","max-video-preview":"max-video-preview:-1"},"canonical":"https:\/\/oktakon.de\/en\/about-us\/","schema":{"@context":"https:\/\/schema.org","@graph":[{"@type":"WebPage","@id":"https:\/\/oktakon.de\/en\/about-us\/","url":"https:\/\/oktakon.de\/en\/about-us\/","name":"Oktakon: Aluminum cases and sleeves for MacBooks","isPartOf":{"@id":"https:\/\/oktakon.de\/#website"},"primaryImageOfPage":{"@id":"https:\/\/oktakon.de\/en\/about-us\/#primaryimage"},"image":{"@id":"https:\/\/oktakon.de\/en\/about-us\/#primaryimage"},"thumbnailUrl":"https:\/\/oktakon.de\/wp-content\/uploads\/2025\/07\/Screenshot-2025-07-02-142916-1024x482.png","datePublished":"2025-07-02T12:20:28+00:00","dateModified":"2025-09-28T13:55:03+00:00","description":"High-quality aluminum cases for laptops and MacBooks. Custom-fit padding for MacBook 13 Pro, MacBook 14 Pro, MacBook 13 Air.","breadcrumb":{"@id":"https:\/\/oktakon.de\/en\/about-us\/#breadcrumb"},"inLanguage":"en-US","potentialAction":[{"@type":"ReadAction","target":["https:\/\/oktakon.de\/en\/about-us\/"]}]},{"@type":"ImageObject","inLanguage":"en-US","@id":"https:\/\/oktakon.de\/en\/about-us\/#primaryimage","url":"https:\/\/oktakon.de\/wp-content\/uploads\/2025\/07\/Screenshot-2025-07-02-142916-1024x482.png","contentUrl":"https:\/\/oktakon.de\/wp-content\/uploads\/2025\/07\/Screenshot-2025-07-02-142916-1024x482.png"},{"@type":"BreadcrumbList","@id":"https:\/\/oktakon.de\/en\/about-us\/#breadcrumb","itemListElement":[{"@type":"ListItem","position":1,"name":"Startseite","item":"https:\/\/oktakon.de\/"},{"@type":"ListItem","position":2,"name":"ABOUT US"}]},{"@type":"WebSite","@id":"https:\/\/oktakon.de\/#website","url":"https:\/\/oktakon.de\/","name":"Oktakon - Aluminium Laptoph\u00fcllen: Premium-Qualit\u00e4t f\u00fcr dein MacBook","description":"Aluminium Laptoph\u00fcllen: Premium-Qualit\u00e4t f\u00fcr dein MacBook","publisher":{"@id":"https:\/\/oktakon.de\/#organization"},"potentialAction":[{"@type":"SearchAction","target":{"@type":"EntryPoint","urlTemplate":"https:\/\/oktakon.de\/?s={search_term_string}"},"query-input":{"@type":"PropertyValueSpecification","valueRequired":true,"valueName":"search_term_string"}}],"inLanguage":"en-US"},{"@type":"Organization","@id":"https:\/\/oktakon.de\/#organization","name":"Oktakon GmbH","url":"https:\/\/oktakon.de\/","logo":{"@type":"ImageObject","inLanguage":"en-US","@id":"https:\/\/oktakon.de\/#\/schema\/logo\/image\/","url":"https:\/\/oktakon.de\/wp-content\/uploads\/2025\/04\/logo.png","contentUrl":"https:\/\/oktakon.de\/wp-content\/uploads\/2025\/04\/logo.png","width":946,"height":167,"caption":"Oktakon GmbH"},"image":{"@id":"https:\/\/oktakon.de\/#\/schema\/logo\/image\/"},"sameAs":["https:\/\/www.facebook.com\/people\/Oktakon-GmbH\/61560806767539\/","https:\/\/www.youtube.com\/@oktakon-gmbh","https:\/\/www.tiktok.com\/@oktakon.hardcases"]}]}},"_links":{"self":[{"href":"https:\/\/oktakon.de\/en\/wp-json\/wp\/v2\/pages\/8115","targetHints":{"allow":["GET"]}}],"collection":[{"href":"https:\/\/oktakon.de\/en\/wp-json\/wp\/v2\/pages"}],"about":[{"href":"https:\/\/oktakon.de\/en\/wp-json\/wp\/v2\/types\/page"}],"author":[{"embeddable":true,"href":"https:\/\/oktakon.de\/en\/wp-json\/wp\/v2\/users\/1"}],"replies":[{"embeddable":true,"href":"https:\/\/oktakon.de\/en\/wp-json\/wp\/v2\/comments?post=8115"}],"version-history":[{"count":5,"href":"https:\/\/oktakon.de\/en\/wp-json\/wp\/v2\/pages\/8115\/revisions"}],"predecessor-version":[{"id":8614,"href":"https:\/\/oktakon.de\/en\/wp-json\/wp\/v2\/pages\/8115\/revisions\/8614"}],"wp:attachment":[{"href":"https:\/\/oktakon.de\/en\/wp-json\/wp\/v2\/media?parent=8115"}],"curies":[{"name":"wp","href":"https:\/\/api.w.org\/{rel}","templated":true}]}}